{"id":4426,"date":"2017-08-10T09:42:13","date_gmt":"2017-08-10T09:42:13","guid":{"rendered":"https:\/\/greenway.ee\/home-3\/"},"modified":"2024-08-28T09:16:52","modified_gmt":"2024-08-28T09:16:52","slug":"home-3","status":"publish","type":"page","link":"https:\/\/greenway.ee\/et\/","title":{"rendered":"Greenway"},"content":{"rendered":"<div class=\"wpb-content-wrapper\"><p>[vc_row isfullwidth=&#8221;0&#8243;][vc_column]\n\t\t\t<!-- START Slide_est REVOLUTION SLIDER 6.7.15 --><p class=\"rs-p-wp-fix\"><\/p>\n\t\t\t<rs-module-wrap id=\"rev_slider_3_1_wrapper\" data-source=\"gallery\" style=\"visibility:hidden;background:transparent;padding:0;margin:0px auto;margin-top:0;margin-bottom:0;\">\n\t\t\t\t<rs-module id=\"rev_slider_3_1\" style=\"\" data-version=\"6.7.15\">\n\t\t\t\t\t<rs-slides style=\"overflow: hidden; position: absolute;\">\n\t\t\t\t\t\t<rs-slide style=\"position: absolute;\" data-key=\"rs-5\" data-title=\"Slide\" data-thumb=\"\/\/greenway.ee\/wp-content\/uploads\/2021\/06\/234234-1-100x50.jpg\" data-anim=\"adpr:false;d:10;ms:500;f:slidebased;\" data-in=\"o:0;x:(-50%);sx:0.7;sy:0.7;m:true;e:power4.inOut;col:6;\" data-out=\"a:false;\" data-alttrans=\"3dcurtain-vertical,cube,cube-horizontal,incube,incube-horizontal,turnoff,turnoff-vertical,papercut,flyin\">\n\t\t\t\t\t\t\t<img decoding=\"async\" src=\"\/\/greenway.ee\/wp-content\/plugins\/revslider\/sr6\/assets\/assets\/dummy.png\" alt=\"\" title=\"234234 (1)\" width=\"1799\" height=\"1200\" class=\"rev-slidebg tp-rs-img rs-lazyload\" data-lazyload=\"\/\/greenway.ee\/wp-content\/uploads\/2021\/06\/234234-1.jpg\" data-no-retina>\n<!--\n\t\t\t\t\t\t\t--><rs-group\n\t\t\t\t\t\t\t\tid=\"slider-3-slide-5-layer-14\" \n\t\t\t\t\t\t\t\tdata-type=\"group\"\n\t\t\t\t\t\t\t\tdata-rsp_ch=\"on\"\n\t\t\t\t\t\t\t\tdata-xy=\"x:l,l,l,c;xo:42px,37px,26px,2px;yo:408px,342px,278px,145px;\"\n\t\t\t\t\t\t\t\tdata-text=\"w:normal;\"\n\t\t\t\t\t\t\t\tdata-dim=\"w:400px;h:100px;\"\n\t\t\t\t\t\t\t\tdata-frame_0=\"sX:0.8;sY:0.8;\"\n\t\t\t\t\t\t\t\tdata-frame_1=\"e:power4.out;st:1770;sp:1000;sR:1770;\"\n\t\t\t\t\t\t\t\tdata-frame_999=\"o:0;st:w;sR:6230;sA:9000;\"\n\t\t\t\t\t\t\t\tstyle=\"z-index:13;\"\n\t\t\t\t\t\t\t><!--\n\t\t\t\t\t\t\t\t--><a\n\t\t\t\t\t\t\t\t\tid=\"slider-3-slide-5-layer-12\" \n\t\t\t\t\t\t\t\t\tclass=\"rs-layer rev-btn\"\n\t\t\t\t\t\t\t\t\thref=\"\/et\/shop\/\" target=\"_self\" rel=\"nofollow\"\n\t\t\t\t\t\t\t\t\tdata-type=\"button\"\n\t\t\t\t\t\t\t\t\tdata-rsp_ch=\"on\"\n\t\t\t\t\t\t\t\t\tdata-xy=\"\"\n\t\t\t\t\t\t\t\t\tdata-pos=\"a\"\n\t\t\t\t\t\t\t\t\tdata-text=\"w:normal;s:13;l:17;fw:700;\"\n\t\t\t\t\t\t\t\t\tdata-dim=\"minh:0px,none,none,none;\"\n\t\t\t\t\t\t\t\t\tdata-padding=\"t:13;r:29;b:13;l:29;\"\n\t\t\t\t\t\t\t\t\tdata-border=\"bos:solid;boc:#86bc42;bow:1px,1px,1px,1px;bor:5px,5px,5px,5px;\"\n\t\t\t\t\t\t\t\t\tdata-frame_999=\"o:0;st:w;sR:8700;\"\n\t\t\t\t\t\t\t\t\tdata-frame_hover=\"c:#000;bgc:#fff;boc:#eee;bor:5px,5px,5px,5px;bos:solid;bow:1px,1px,1px,1px;\"\n\t\t\t\t\t\t\t\t\tstyle=\"z-index:12;background-color:#86bc42;font-family:'Open Sans';\"\n\t\t\t\t\t\t\t\t>POODI \n\t\t\t\t\t\t\t\t<\/a><!--\n\t\t\t\t\t\t\t--><\/rs-group><!--\n\n\t\t\t\t\t\t\t--><rs-layer\n\t\t\t\t\t\t\t\tid=\"slider-3-slide-5-layer-0\" \n\t\t\t\t\t\t\t\tdata-type=\"text\"\n\t\t\t\t\t\t\t\tdata-rsp_ch=\"on\"\n\t\t\t\t\t\t\t\tdata-xy=\"xo:42px,34px,25px,42px;yo:146px,120px,91px,38px;\"\n\t\t\t\t\t\t\t\tdata-text=\"w:normal;s:58,47,35,21;l:73,60,45,27;\"\n\t\t\t\t\t\t\t\tdata-frame_0=\"x:-50,-41,-31,-19;\"\n\t\t\t\t\t\t\t\tdata-frame_1=\"st:1000;sp:1000;sR:1000;\"\n\t\t\t\t\t\t\t\tdata-frame_999=\"o:0;st:w;sR:7000;\"\n\t\t\t\t\t\t\t\tstyle=\"z-index:14;font-family:'Open Sans';\"\n\t\t\t\t\t\t\t><strong> Tooted teie <br \/> <\/strong> kodu, ilu ja tervise jaoks \n\t\t\t\t\t\t\t<\/rs-layer><!--\n\n\t\t\t\t\t\t\t--><rs-layer\n\t\t\t\t\t\t\t\tid=\"slider-3-slide-5-layer-3\" \n\t\t\t\t\t\t\t\tdata-type=\"text\"\n\t\t\t\t\t\t\t\tdata-xy=\"xo:44px,38px,27px,30px;yo:308px,267px,198px,165px;\"\n\t\t\t\t\t\t\t\tdata-text=\"w:normal;s:14;l:20;a:inherit;\"\n\t\t\t\t\t\t\t\tdata-dim=\"w:547px,477px,477px,477px;\"\n\t\t\t\t\t\t\t\tdata-vbility=\"t,t,t,f\"\n\t\t\t\t\t\t\t\tdata-rsp_bd=\"off\"\n\t\t\t\t\t\t\t\tdata-frame_0=\"sX:0.9;sY:0.9;\"\n\t\t\t\t\t\t\t\tdata-frame_1=\"st:1400;sp:1500;sR:1400;\"\n\t\t\t\t\t\t\t\tdata-frame_999=\"o:0;st:w;sR:6100;\"\n\t\t\t\t\t\t\t\tstyle=\"z-index:10;font-family:'Open Sans';\"\n\t\t\t\t\t\t\t>Oleme p\u00fchendunud keskkonna kaitsmisele, mist\u00f5ttu on iga meie toode loodud ohutuks ja keskkonnas\u00f5bralikuks. \n\t\t\t\t\t\t\t<\/rs-layer><!--\n-->\t\t\t\t\t<\/rs-slide>\n\t\t\t\t\t\t<rs-slide style=\"position: absolute;\" data-key=\"rs-6\" data-title=\"Slide\" data-thumb=\"\/\/greenway.ee\/wp-content\/uploads\/2021\/06\/3433-scaled-1-100x50.jpg\" data-anim=\"adpr:false;d:10;ms:500;f:slidebased;\" data-in=\"o:0;x:(-50%);sx:0.7;sy:0.7;m:true;e:power4.inOut;col:6;\" data-out=\"a:false;\" data-alttrans=\"3dcurtain-vertical,cube,cube-horizontal,incube,incube-horizontal,turnoff,turnoff-vertical,papercut,flyin\">\n\t\t\t\t\t\t\t<img decoding=\"async\" src=\"\/\/greenway.ee\/wp-content\/plugins\/revslider\/sr6\/assets\/assets\/dummy.png\" alt=\"\" title=\"3433-scaled\" width=\"2560\" height=\"807\" class=\"rev-slidebg tp-rs-img rs-lazyload\" data-lazyload=\"\/\/greenway.ee\/wp-content\/uploads\/2021\/06\/3433-scaled-1.jpg\" data-no-retina>\n<!--\n\t\t\t\t\t\t\t--><rs-group\n\t\t\t\t\t\t\t\tid=\"slider-3-slide-6-layer-17\" \n\t\t\t\t\t\t\t\tdata-type=\"group\"\n\t\t\t\t\t\t\t\tdata-rsp_ch=\"on\"\n\t\t\t\t\t\t\t\tdata-xy=\"xo:40px,80px,81px,0;yo:372px,315px,189px,176px;\"\n\t\t\t\t\t\t\t\tdata-text=\"w:normal;\"\n\t\t\t\t\t\t\t\tdata-dim=\"w:400px;h:100px;\"\n\t\t\t\t\t\t\t\tdata-frame_0=\"sX:0.8;sY:0.8;\"\n\t\t\t\t\t\t\t\tdata-frame_1=\"e:power4.out;st:1770;sp:1000;sR:1770;\"\n\t\t\t\t\t\t\t\tdata-frame_999=\"o:0;st:w;sR:6230;sA:9000;\"\n\t\t\t\t\t\t\t\tstyle=\"z-index:11;\"\n\t\t\t\t\t\t\t><!--\n\t\t\t\t\t\t\t\t--><a\n\t\t\t\t\t\t\t\t\tid=\"slider-3-slide-6-layer-19\" \n\t\t\t\t\t\t\t\t\tclass=\"rs-layer rev-btn\"\n\t\t\t\t\t\t\t\t\thref=\"\/et\/tootekategooria\/toidud-ja-joogid\/funktsionaalne-toitumine\/\" target=\"_self\" rel=\"nofollow\"\n\t\t\t\t\t\t\t\t\tdata-type=\"button\"\n\t\t\t\t\t\t\t\t\tdata-rsp_ch=\"on\"\n\t\t\t\t\t\t\t\t\tdata-xy=\"xo:0,0,0,40px;yo:0,0,0,-11px;\"\n\t\t\t\t\t\t\t\t\tdata-pos=\"a\"\n\t\t\t\t\t\t\t\t\tdata-text=\"w:normal;s:13;l:17;fw:700;\"\n\t\t\t\t\t\t\t\t\tdata-dim=\"minh:0px,none,none,none;\"\n\t\t\t\t\t\t\t\t\tdata-padding=\"t:13;r:29;b:13;l:29;\"\n\t\t\t\t\t\t\t\t\tdata-border=\"bos:solid;boc:#86bc42;bow:1px,1px,1px,1px;bor:5px,5px,5px,5px;\"\n\t\t\t\t\t\t\t\t\tdata-frame_999=\"o:0;st:w;sR:8700;\"\n\t\t\t\t\t\t\t\t\tdata-frame_hover=\"c:#000;bgc:#fff;boc:#eee;bor:5px,5px,5px,5px;bos:solid;bow:1px,1px,1px,1px;\"\n\t\t\t\t\t\t\t\t\tstyle=\"z-index:10;background-color:#86bc42;font-family:'Open Sans';\"\n\t\t\t\t\t\t\t\t>OSTA \n\t\t\t\t\t\t\t\t<\/a><!--\n\t\t\t\t\t\t\t--><\/rs-group><!--\n\n\t\t\t\t\t\t\t--><rs-layer\n\t\t\t\t\t\t\t\tid=\"slider-3-slide-6-layer-1\" \n\t\t\t\t\t\t\t\tdata-type=\"text\"\n\t\t\t\t\t\t\t\tdata-color=\"#ffcc00\"\n\t\t\t\t\t\t\t\tdata-xy=\"xo:40px,80px,80px,40px;yo:200px,100px,40px,43px;\"\n\t\t\t\t\t\t\t\tdata-text=\"s:52,42,36,36;l:60,50,40,40;a:inherit;\"\n\t\t\t\t\t\t\t\tdata-rsp_bd=\"off\"\n\t\t\t\t\t\t\t\tdata-frame_0=\"x:-50;\"\n\t\t\t\t\t\t\t\tdata-frame_1=\"st:770;sp:1000;sR:770;\"\n\t\t\t\t\t\t\t\tdata-frame_999=\"o:0;st:w;sR:7230;\"\n\t\t\t\t\t\t\t\tstyle=\"z-index:8;font-family:'Open Sans';\"\n\t\t\t\t\t\t\t><strong>UUDIS!<\/strong> \n\t\t\t\t\t\t\t<\/rs-layer><!--\n\n\t\t\t\t\t\t\t--><rs-layer\n\t\t\t\t\t\t\t\tid=\"slider-3-slide-6-layer-2\" \n\t\t\t\t\t\t\t\tdata-type=\"text\"\n\t\t\t\t\t\t\t\tdata-xy=\"xo:40px,80px,80px,40px;yo:275px,185px,96px,96px;\"\n\t\t\t\t\t\t\t\tdata-text=\"s:27,32,27,22;l:32,38,30,25;a:inherit;\"\n\t\t\t\t\t\t\t\tdata-rsp_bd=\"off\"\n\t\t\t\t\t\t\t\tdata-frame_0=\"x:-27px,-21px,-21px,-17px;\"\n\t\t\t\t\t\t\t\tdata-frame_1=\"st:1280;sp:1000;sR:1280;\"\n\t\t\t\t\t\t\t\tdata-frame_999=\"o:0;st:w;sR:6720;\"\n\t\t\t\t\t\t\t\tstyle=\"z-index:9;font-family:'Open Sans';\"\n\t\t\t\t\t\t\t><strong> Funktsionaalne toit <\/strong> <br \/> Kokteilid erineva maitsega \n\t\t\t\t\t\t\t<\/rs-layer><!--\n-->\t\t\t\t\t<\/rs-slide>\n\t\t\t\t\t<\/rs-slides>\n\t\t\t\t<\/rs-module>\n\t\t\t\t<script>\n\t\t\t\t\tsetREVStartSize({c: 'rev_slider_3_1',rl:[1240,1024,778,480],el:[700,500,400,300],gw:[1240,1024,778,480],gh:[700,500,400,300],type:'standard',justify:'',layout:'fullwidth',mh:\"0\"});if (window.RS_MODULES!==undefined && window.RS_MODULES.modules!==undefined && window.RS_MODULES.modules[\"revslider31\"]!==undefined) {window.RS_MODULES.modules[\"revslider31\"].once = false;window.revapi3 = undefined;if (window.RS_MODULES.checkMinimal!==undefined) window.RS_MODULES.checkMinimal()}\n\t\t\t\t<\/script>\n\t\t\t<\/rs-module-wrap>\n\t\t\t<!-- END REVOLUTION SLIDER -->\n[\/vc_column][\/vc_row][vc_row css=&#8221;.vc_custom_1678631716643{background-color: #fcfcfc !important;}&#8221;][vc_column css_animation=&#8221;none&#8221; css=&#8221;.vc_custom_1628854012865{padding: 10px !important;}&#8221;][tbay_brands number=&#8221;20&#8243; layout_type=&#8221;carousel&#8221;][\/vc_column][\/vc_row][vc_row full_width=&#8221;stretch_row_content&#8221; el_class=&#8221;vc_box_features home_3&#8243;][vc_column css_animation=&#8221;none&#8221;]<div class=\"ult-spacer spacer-69d6b8eba74e3\" data-id=\"69d6b8eba74e3\" data-height=\"50\" data-height-mobile=\"50\" data-height-tab=\"50\" data-height-tab-portrait=\"\" data-height-mobile-landscape=\"\" style=\"clear:both;display:block;\"><\/div>[\/vc_column][\/vc_row][vc_row][vc_column css_animation=&#8221;none&#8221;][tbay_title_heading title=&#8221;Esile t\u00f5stetud&#8221; descript=&#8221;tooted&#8221; align=&#8221;center&#8221; buttons=&#8221;btn-default btn-outline&#8221; buttons2=&#8221;btn-default btn-outline&#8221;][tbay_categoriestabs categoriestabs=&#8221;%5B%7B%22category%22%3A%22171%22%2C%22icon_font%22%3A%22icofont-apple%22%7D%2C%7B%22category%22%3A%22179%22%2C%22icon_font%22%3A%22icofont-heart-beat-alt%22%7D%2C%7B%22category%22%3A%22161%22%2C%22icon_font%22%3A%22icofont-magic%22%7D%2C%7B%22category%22%3A%22181%22%2C%22icon_font%22%3A%22icofont-bucket1%22%7D%5D&#8221; number=&#8221;16&#8243; align=&#8221;center&#8221; rows=&#8221;2&#8243; nav_type=&#8221;yes&#8221; pagi_type=&#8221;yes&#8221; responsive_type=&#8221;yes&#8221; screen_tablet=&#8221;2&#8243;][\/vc_column][\/vc_row][vc_row css=&#8221;.vc_custom_1631097236575{margin-top: 100px !important;}&#8221;][vc_column]<div id=\"ultib3-158800130669d6b8eba778e\" class=\" ultb3-box ult-adjust-bottom-margin  ultb3-hover-5\" style=\"\"><img decoding=\"async\" src=\"https:\/\/greenway.ee\/wp-content\/uploads\/2021\/09\/mystikbanner-scaled.jpg\" style=\"\" class=\"ultb3-img ultb3-img-center\" alt=\"null\"\/><div id=\"Info-banner-wrap7173\" class=\"ultb3-info ib3-info-left\" data-animation=\"fadeIn\" data-animation-delay=\"03\"><h1 class=\"ultb3-title ult-responsive\"  data-ultimate-target='#Info-banner-wrap7173 .ultb3-title'  data-responsive-json-new='{\"font-size\":\"\",\"line-height\":\"\"}'  style=\"font-weight:normal;color:#ffffff;\">UUS TOODE!<\/h1><div class=\"ultb3-desc ult-responsive\"  data-ultimate-target='#Info-banner-wrap7173 .ultb3-desc'  data-responsive-json-new='{\"font-size\":\"\",\"line-height\":\"\"}'  style=\"font-weight:normal;color:#ffffff;\">\u00d6kopulber n\u00f5udepesumasinasse<br \/>\nBioTrim MYSTIK<\/div><a href=\"https:\/\/greenway.ee\/et\/toode\/biotrim-mystik-oko-noudepesumasin-pulber\/\" title=\"BioTrim MYSTIK Eco Dishwasher Powder\"  class=\"ultb3-btn ult-responsive\"  data-ultimate-target='#Info-banner-wrap7173 .ultb3-btn'  data-responsive-json-new='{\"font-size\":\"\",\"line-height\":\"\"}'  style=\"font-weight:normal;\">OSTA KOHE<i class=\"Defaults-angle-right\"><\/i><\/a><\/div><\/div><style>\r\n\t\t\t\t\t#ultib3-158800130669d6b8eba778e {\r\n\t\t\t\t\t\tmin-height:50px;\r\n\t\t\t\t\t}\r\n\t\t\t\t\t#ultib3-158800130669d6b8eba778e img.ultb3-img {\r\n\t\t\t\t\t\theight: px;\r\n\t\t\t\t\t}\r\n\t\t\t\t\t#ultib3-158800130669d6b8eba778e .ultb3-btn {\r\n\t\t\t\t\t\tborder:2px solid #385284;border-radius:20px;color:#ffffff;\r\n\t\t\t\t\t}\r\n\t\t\t\t\t#ultib3-158800130669d6b8eba778e .ultb3-btn:hover {\r\n\t\t\t\t\t\tbackground:#385284;color:#ffffff;\r\n\t\t\t\t\t}\r\n\t\t\t\t<\/style>[\/vc_column][\/vc_row][vc_row full_width=&#8221;stretch_row&#8221; css=&#8221;.vc_custom_1513155746955{margin-top: 65px !important;background-color: #fcfcfc !important;}&#8221;][vc_column css_animation=&#8221;none&#8221;][tbay_title_heading title=&#8221;Soovitatavad&#8221; descript=&#8221;tooted&#8221; align=&#8221;left&#8221; buttons=&#8221;btn-default btn-outline&#8221; buttons2=&#8221;btn-default btn-outline&#8221;][tbay_products type=&#8221;recent_product&#8221; columns=&#8221;3&#8243; number=&#8221;12&#8243; layout_type=&#8221;carousel-special&#8221; align=&#8221;left&#8221; rows=&#8221;3&#8243; nav_type=&#8221;yes&#8221; pagi_type=&#8221;yes&#8221; responsive_type=&#8221;yes&#8221; screen_desktop=&#8221;3&#8243; screen_desktopsmall=&#8221;2&#8243; screen_tablet=&#8221;2&#8243;][\/vc_column][\/vc_row]<\/p>\n<\/div>","protected":false},"excerpt":{"rendered":"<p>[vc_row isfullwidth=&#8221;0&#8243;][vc_column][\/vc_column][\/vc_row][vc_row css=&#8221;.vc_custom_1678631716643{background-color: #fcfcfc !important;}&#8221;][vc_column css_animation=&#8221;none&#8221; css=&#8221;.vc_custom_1628854012865{padding: 10px !important;}&#8221;][tbay_brands number=&#8221;20&#8243; layout_type=&#8221;carousel&#8221;][\/vc_column][\/vc_row][vc_row full_width=&#8221;stretch_row_content&#8221; el_class=&#8221;vc_box_features home_3&#8243;][vc_column css_animation=&#8221;none&#8221;][\/vc_column][\/vc_row][vc_row][vc_column css_animation=&#8221;none&#8221;][tbay_title_heading title=&#8221;Esile t\u00f5stetud&#8221; descript=&#8221;tooted&#8221; align=&#8221;center&#8221; buttons=&#8221;btn-default btn-outline&#8221; buttons2=&#8221;btn-default btn-outline&#8221;][tbay_categoriestabs categoriestabs=&#8221;%5B%7B%22category%22%3A%22171%22%2C%22icon_font%22%3A%22icofont-apple%22%7D%2C%7B%22category%22%3A%22179%22%2C%22icon_font%22%3A%22icofont-heart-beat-alt%22%7D%2C%7B%22category%22%3A%22161%22%2C%22icon_font%22%3A%22icofont-magic%22%7D%2C%7B%22category%22%3A%22181%22%2C%22icon_font%22%3A%22icofont-bucket1%22%7D%5D&#8221; number=&#8221;16&#8243; align=&#8221;center&#8221; rows=&#8221;2&#8243; nav_type=&#8221;yes&#8221; pagi_type=&#8221;yes&#8221; responsive_type=&#8221;yes&#8221; screen_tablet=&#8221;2&#8243;][\/vc_column][\/vc_row][vc_row css=&#8221;.vc_custom_1631097236575{margin-top: 100px !important;}&#8221;][vc_column][\/vc_column][\/vc_row][vc_row full_width=&#8221;stretch_row&#8221; css=&#8221;.vc_custom_1513155746955{margin-top: 65px !important;background-color: #fcfcfc !important;}&#8221;][vc_column css_animation=&#8221;none&#8221;][tbay_title_heading title=&#8221;Soovitatavad&#8221; descript=&#8221;tooted&#8221; align=&#8221;left&#8221; buttons=&#8221;btn-default btn-outline&#8221; buttons2=&#8221;btn-default btn-outline&#8221;][tbay_products type=&#8221;recent_product&#8221; columns=&#8221;3&#8243; number=&#8221;12&#8243; layout_type=&#8221;carousel-special&#8221; align=&#8221;left&#8221; rows=&#8221;3&#8243; &hellip; <a href=\"https:\/\/greenway.ee\/et\/\" class=\"more-link\">Continue reading <span class=\"screen-reader-text\">Greenway<\/span><\/a><\/p>\n","protected":false},"author":1,"featured_media":0,"parent":0,"menu_order":0,"comment_status":"closed","ping_status":"closed","template":"","meta":{"footnotes":""},"class_list":["post-4426","page","type-page","status-publish","hentry"],"_links":{"self":[{"href":"https:\/\/greenway.ee\/et\/wp-json\/wp\/v2\/pages\/4426","targetHints":{"allow":["GET"]}}],"collection":[{"href":"https:\/\/greenway.ee\/et\/wp-json\/wp\/v2\/pages"}],"about":[{"href":"https:\/\/greenway.ee\/et\/wp-json\/wp\/v2\/types\/page"}],"author":[{"embeddable":true,"href":"https:\/\/greenway.ee\/et\/wp-json\/wp\/v2\/users\/1"}],"replies":[{"embeddable":true,"href":"https:\/\/greenway.ee\/et\/wp-json\/wp\/v2\/comments?post=4426"}],"version-history":[{"count":30,"href":"https:\/\/greenway.ee\/et\/wp-json\/wp\/v2\/pages\/4426\/revisions"}],"predecessor-version":[{"id":8405,"href":"https:\/\/greenway.ee\/et\/wp-json\/wp\/v2\/pages\/4426\/revisions\/8405"}],"wp:attachment":[{"href":"https:\/\/greenway.ee\/et\/wp-json\/wp\/v2\/media?parent=4426"}],"curies":[{"name":"wp","href":"https:\/\/api.w.org\/{rel}","templated":true}]}}