{"id":6486,"date":"2021-08-13T10:33:53","date_gmt":"2021-08-18T14:09:44","guid":{"rendered":"https:\/\/greenway.ee\/product\/sidruni-ja-pohla-ornalt-valgendav-hambapasta\/"},"modified":"2023-09-26T10:13:32","modified_gmt":"2023-09-26T10:13:32","slug":"sharme-dent-sidruni-pohla-orn-valgendav-hambapasta-%d0%b7%d1%83%d0%b1%d0%bd%d0%b0%d1%8f-%d0%bf%d0%b0%d1%81%d1%82%d0%b0-%d0%bb%d0%b8%d0%bc%d0%be%d0%bd-%d0%b1%d1%80%d1%83%d1%81","status":"publish","type":"product","link":"https:\/\/greenway.ee\/et\/toode\/sharme-dent-sidruni-pohla-orn-valgendav-hambapasta-%d0%b7%d1%83%d0%b1%d0%bd%d0%b0%d1%8f-%d0%bf%d0%b0%d1%81%d1%82%d0%b0-%d0%bb%d0%b8%d0%bc%d0%be%d0%bd-%d0%b1%d1%80%d1%83%d1%81\/","title":{"rendered":"SHARME DENT Hambapasta &#8220;Aloe vera&#8221; \u00f5rnaks igemete kaitseks, 75 ml"},"content":{"rendered":"<div id=\"tab1\" class=\"tabs__item\">\n<div class=\"tabs__item-wrapper\">\n<div class=\"content productDescription\">\n<p><strong>SHARME DENT &#8220;Aloe vera<\/strong> &#8221; on looduslik hooldusvahend igemetele, mis niisutab ja v\u00e4hendab suuhaiguste riski.<\/p>\n<p>SHARME DENT hambapastade taimeekstraktide ja -\u00f5lide kompleks neutraliseerib hambaauke p\u00f5hjustavad bakterid, puhastades samal ajal \u00f5rnalt hammaste ja igemete pinda, tekitades p\u00e4rast iga kasutamist v\u00e4rskuse ja mugavuse tunde. Munakoorepulber (kaltsiumkarbonaat) hambapastades on looduslik kaltsiumi vorm, mis tugevdab hambaemaili ja toetab hammaste tervist.<\/p>\n<ul>\n<li>97,75 % &#8211; koostisained looduslikust p\u00e4ritolust.<\/li>\n<li>RDA (abrasiivsuse indeks) &#8211; 40<\/li>\n<\/ul>\n<p><strong>Aloe vera<\/strong>, mis on tuntud oma taastavate omaduste poolest, m\u00f5jub ennetavalt kaariese vastu, niisutab suu\u00f5\u00f5nt, v\u00e4hendab p\u00f5letikku ja rahustab \u00e4rritunud igemeid, v\u00e4hendades suuhaiguste riski.<\/p>\n<p><strong>Munakoorepulber<\/strong> on kaltsiumi looduslik vorm. See aitab t\u00f5husalt puhastada suu pehmest hambakihist ning tugevdab ja remineraliseerib hambaemaili.<\/p>\n<p><strong>Rohelise tee ekstrakt<\/strong> sisaldab pol\u00fcfenoole, millel on antioks\u00fcdantsed omadused, mis kontrollivad igemep\u00f5letikku ja ennetavad selliste suuhaiguste nagu parodontiit ja hambakaariese teket.<\/p>\n<p><strong>Eeterlikel \u00f5lidel<\/strong> on \u00fcmbritsev omadus, t\u00e4nu millele tungivad nad igemete struktuuri, v\u00e4hendavad p\u00f5letikku ja ravivad v\u00e4ikseid haavu. Apelsini-, piparm\u00fcndi-, eukal\u00fcpti- ja teepuu\u00f5li hambapastas on antibakteriaalsete ja antiseptiliste omadustega, ennetavad kaariese teket, k\u00f5rvaldavad veritsust ja h\u00e4vitavad anaeroobseid baktereid, tekitades meeldiva puhtuse ja v\u00e4rskuse tunde.<\/p>\n<ol>\n<li>1.Suruge pasta pintslile.<\/li>\n<li>2.<\/li>\n<li>3.Loputage suu veega.<\/li>\n<\/ol>\n<p><strong>Hoida<\/strong> temperatuuril +5 kuni +25 \u00b0C.<\/p>\n<p><strong>S\u00e4ilivusaeg:<\/strong> 2 aastat, p\u00e4rast avamist &#8211; 12 kuud.<\/p>\n<\/div>\n<\/div>\n<\/div>\n","protected":false},"excerpt":{"rendered":"<p>SHARME DENT &#8220;Aloe vera &#8221; on looduslik hooldusvahend igemetele, mis niisutab ja v\u00e4hendab suuhaiguste riski. SHARME DENT hambapastade taimeekstraktide ja -\u00f5lide kompleks neutraliseerib hambaauke p\u00f5hjustavad bakterid, puhastades samal ajal \u00f5rnalt hammaste ja igemete pinda, tekitades p\u00e4rast iga kasutamist v\u00e4rskuse ja mugavuse tunde. Munakoorepulber (kaltsiumkarbonaat) hambapastades on looduslik kaltsiumi vorm, mis tugevdab hambaemaili ja toetab hammaste &hellip; <a href=\"https:\/\/greenway.ee\/et\/toode\/sharme-dent-sidruni-pohla-orn-valgendav-hambapasta-%d0%b7%d1%83%d0%b1%d0%bd%d0%b0%d1%8f-%d0%bf%d0%b0%d1%81%d1%82%d0%b0-%d0%bb%d0%b8%d0%bc%d0%be%d0%bd-%d0%b1%d1%80%d1%83%d1%81\/\" class=\"more-link\">Continue reading <span class=\"screen-reader-text\">SHARME DENT Hambapasta &#8220;Aloe vera&#8221; \u00f5rnaks igemete kaitseks, 75 ml<\/span><\/a><\/p>\n","protected":false},"featured_media":8176,"template":"","meta":[],"product_brand":[],"product_cat":[161,283],"product_tag":[],"class_list":{"0":"post-6486","1":"product","2":"type-product","3":"status-publish","4":"has-post-thumbnail","6":"product_cat-ilu-ja-hooldus","7":"product_cat-looduslikud-hambapastad","9":"first","10":"instock","11":"featured","12":"taxable","13":"shipping-taxable","14":"purchasable","15":"product-type-simple"},"_links":{"self":[{"href":"https:\/\/greenway.ee\/et\/wp-json\/wp\/v2\/product\/6486","targetHints":{"allow":["GET"]}}],"collection":[{"href":"https:\/\/greenway.ee\/et\/wp-json\/wp\/v2\/product"}],"about":[{"href":"https:\/\/greenway.ee\/et\/wp-json\/wp\/v2\/types\/product"}],"wp:featuredmedia":[{"embeddable":true,"href":"https:\/\/greenway.ee\/et\/wp-json\/wp\/v2\/media\/8176"}],"wp:attachment":[{"href":"https:\/\/greenway.ee\/et\/wp-json\/wp\/v2\/media?parent=6486"}],"wp:term":[{"taxonomy":"product_brand","embeddable":true,"href":"https:\/\/greenway.ee\/et\/wp-json\/wp\/v2\/product_brand?post=6486"},{"taxonomy":"product_cat","embeddable":true,"href":"https:\/\/greenway.ee\/et\/wp-json\/wp\/v2\/product_cat?post=6486"},{"taxonomy":"product_tag","embeddable":true,"href":"https:\/\/greenway.ee\/et\/wp-json\/wp\/v2\/product_tag?post=6486"}],"curies":[{"name":"wp","href":"https:\/\/api.w.org\/{rel}","templated":true}]}}