{"id":6489,"date":"2021-08-13T10:31:41","date_gmt":"2021-08-18T14:14:32","guid":{"rendered":"https:\/\/greenway.ee\/product\/aaloe-ja-astelpaju-tundlik-igemete-kaitse\/"},"modified":"2023-09-26T10:41:40","modified_gmt":"2023-09-26T10:41:40","slug":"sharme-dent-aloe-sea-buckthorn-sensitive-gum-protection-toothpaste-%d0%b7%d1%83%d0%b1%d0%bd%d0%b0%d1%8f-%d0%bf%d0%b0%d1%81%d1%82%d0%b0-%d0%b0%d0%bb%d0%be%d1%8d-%d0%be%d0%b1%d0%bb","status":"publish","type":"product","link":"https:\/\/greenway.ee\/et\/toode\/sharme-dent-aloe-sea-buckthorn-sensitive-gum-protection-toothpaste-%d0%b7%d1%83%d0%b1%d0%bd%d0%b0%d1%8f-%d0%bf%d0%b0%d1%81%d1%82%d0%b0-%d0%b0%d0%bb%d0%be%d1%8d-%d0%be%d0%b1%d0%bb\/","title":{"rendered":"SHARME DENT Hambapasta &#8220;Aktiveeritud S\u00f6e&#8221; \u00f5rnaks valgendamiseks, 75 ml"},"content":{"rendered":"<div id=\"tab1\" class=\"tabs__item\">\n<div class=\"tabs__item-wrapper\">\n<div class=\"content productDescription\">\n<p><strong>SHARME DENT &#8220;Activated \u0421harcoal<\/strong> &#8221; on t\u00f5hus kombinatsioon ohutust ja \u00f5rnast hammaste valgendamisest koos hambaemaili hooldamisega.<\/p>\n<p>SHARME DENT hambapastade taimeekstraktide ja -\u00f5lide kompleks neutraliseerib hambaauke p\u00f5hjustavad bakterid, puhastades samal ajal \u00f5rnalt hammaste ja igemete pinda, tekitades p\u00e4rast iga kasutamist v\u00e4rskuse ja mugavuse tunde. Munakoorepulber (kaltsiumkarbonaat) hambapastades on looduslik kaltsiumi vorm, mis tugevdab hambaemaili ja toetab hammaste tervist.<\/p>\n<ul>\n<li>97,75 % koostisosadest on looduslikku p\u00e4ritolu.<\/li>\n<li>RDA (abrasiivsuse indeks) &#8211; 60<\/li>\n<\/ul>\n<p><strong>Aktiivs\u00f6el<\/strong> on abrasiivsed omadused ja t\u00e4nu oma poorsele struktuurile imab hambakivi emaili pinnalt, eemaldades pindmised plekid ja ennetades nende tekkimist.<\/p>\n<p><strong>Munakoorepulber<\/strong> on kaltsiumi looduslik vorm. See aitab t\u00f5husalt puhastada suu pehmest hambakihist ning tugevdab ja remineraliseerib hambaemaili.<\/p>\n<p><strong>Rohelise tee ekstrakt<\/strong> sisaldab pol\u00fcfenoole, millel on antioks\u00fcdantsed omadused, mis kontrollivad igemep\u00f5letikku ja ennetavad selliste suuhaiguste nagu parodontiit ja hambakaariese teket.<\/p>\n<p><strong>Eeterlikel \u00f5lidel<\/strong> on \u00fcmbritsev omadus, t\u00e4nu millele tungivad nad igemete struktuuri, v\u00e4hendavad p\u00f5letikku ja ravivad v\u00e4ikseid haavu. Apelsini-, piparm\u00fcndi-, eukal\u00fcpti- ja teepuu\u00f5li hambapastas on antibakteriaalsete ja antiseptiliste omadustega, ennetavad kaariese teket, k\u00f5rvaldavad veritsust ja h\u00e4vitavad anaeroobseid baktereid, tekitades meeldiva puhtuse ja v\u00e4rskuse tunde.<\/p>\n<\/div>\n<ol>\n<li>1.Suruge pasta pintslile.<\/li>\n<li>2.<\/li>\n<li>3.Loputage suu veega.<\/li>\n<\/ol>\n<p><strong>Hoida<\/strong> temperatuuril +5 kuni +25 \u00b0C.<\/p>\n<p><strong>S\u00e4ilivusaeg:<\/strong> 2 aastat, p\u00e4rast avamist &#8211; 12 kuud.<\/p>\n<\/div>\n<\/div>\n","protected":false},"excerpt":{"rendered":"<p>SHARME DENT &#8220;Activated \u0421harcoal &#8221; on t\u00f5hus kombinatsioon ohutust ja \u00f5rnast hammaste valgendamisest koos hambaemaili hooldamisega. SHARME DENT hambapastade taimeekstraktide ja -\u00f5lide kompleks neutraliseerib hambaauke p\u00f5hjustavad bakterid, puhastades samal ajal \u00f5rnalt hammaste ja igemete pinda, tekitades p\u00e4rast iga kasutamist v\u00e4rskuse ja mugavuse tunde. Munakoorepulber (kaltsiumkarbonaat) hambapastades on looduslik kaltsiumi vorm, mis tugevdab hambaemaili ja toetab &hellip; <a href=\"https:\/\/greenway.ee\/et\/toode\/sharme-dent-aloe-sea-buckthorn-sensitive-gum-protection-toothpaste-%d0%b7%d1%83%d0%b1%d0%bd%d0%b0%d1%8f-%d0%bf%d0%b0%d1%81%d1%82%d0%b0-%d0%b0%d0%bb%d0%be%d1%8d-%d0%be%d0%b1%d0%bb\/\" class=\"more-link\">Continue reading <span class=\"screen-reader-text\">SHARME DENT Hambapasta &#8220;Aktiveeritud S\u00f6e&#8221; \u00f5rnaks valgendamiseks, 75 ml<\/span><\/a><\/p>\n","protected":false},"featured_media":8204,"template":"","meta":[],"product_brand":[],"product_cat":[161,283],"product_tag":[],"class_list":{"0":"post-6489","1":"product","2":"type-product","3":"status-publish","4":"has-post-thumbnail","6":"product_cat-ilu-ja-hooldus","7":"product_cat-looduslikud-hambapastad","9":"first","10":"instock","11":"featured","12":"taxable","13":"shipping-taxable","14":"purchasable","15":"product-type-simple"},"_links":{"self":[{"href":"https:\/\/greenway.ee\/et\/wp-json\/wp\/v2\/product\/6489","targetHints":{"allow":["GET"]}}],"collection":[{"href":"https:\/\/greenway.ee\/et\/wp-json\/wp\/v2\/product"}],"about":[{"href":"https:\/\/greenway.ee\/et\/wp-json\/wp\/v2\/types\/product"}],"wp:featuredmedia":[{"embeddable":true,"href":"https:\/\/greenway.ee\/et\/wp-json\/wp\/v2\/media\/8204"}],"wp:attachment":[{"href":"https:\/\/greenway.ee\/et\/wp-json\/wp\/v2\/media?parent=6489"}],"wp:term":[{"taxonomy":"product_brand","embeddable":true,"href":"https:\/\/greenway.ee\/et\/wp-json\/wp\/v2\/product_brand?post=6489"},{"taxonomy":"product_cat","embeddable":true,"href":"https:\/\/greenway.ee\/et\/wp-json\/wp\/v2\/product_cat?post=6489"},{"taxonomy":"product_tag","embeddable":true,"href":"https:\/\/greenway.ee\/et\/wp-json\/wp\/v2\/product_tag?post=6489"}],"curies":[{"name":"wp","href":"https:\/\/api.w.org\/{rel}","templated":true}]}}