{"id":6859,"date":"2021-07-09T12:31:33","date_gmt":"2021-08-24T12:52:15","guid":{"rendered":"https:\/\/greenway.ee\/product\/mystik-puhastuspulber\/"},"modified":"2021-08-24T12:52:26","modified_gmt":"2021-08-24T12:52:26","slug":"mustik-puhastuspulber","status":"publish","type":"product","link":"https:\/\/greenway.ee\/et\/toode\/mustik-puhastuspulber\/","title":{"rendered":"Mystik. Puhastuspulber"},"content":{"rendered":"<\/p>\n<div class=\"tab-content responsive\">\n<div class=\"tab-pane active\" id=\"description\">\n<p>BioTrim MYSTIK puhastuspulber lahuse valmistamiseks. See eemaldab t\u00f5husalt kangekaelse mustuse esmaklassilisest klaasist ja kristallist valmistatud sisustusesemetelt. See eemaldab kiiresti kohvi- ja teeplekid ning katlakivi teekannudelt, kohvimasinatelt ning portselanist ja klaasist valmistatud n\u00f5udelt. See puhastab \u00f5rnalt h\u00f5bedast ja v\u00e4\u00e4rismetallidest valmistatud s\u00f6\u00f6giriistu. Sellel on antibakteriaalne toime.<\/p>\n<\/p>\n<p>KUIDAS KASUTADA<\/p>\n<p>Katlakivi: pange 15 g pulbrit, valage 1,5 l kuuma vett, loputage 15 minuti p\u00e4rast mitu korda k\u00fclma veega.<\/p>\n<p>Kangekaelsed klaasi-, kristalli-, portselani- ja s\u00f6\u00f6giriistade plekid: valmistage lahus kiirusega 30 g 3 l vee kohta, asetage lahusesse 15 minutiks esemeid, seej\u00e4rel loputage k\u00fclma veega. Eriti tugevate plekkide puhul kahekordista kontsentratsioon ja kokkupuuteaeg.<\/p>\n<\/p>\n<p>K\u00f5lblikkusaeg: 3 aastat.<\/p>\n<p>Kaal: 160 grammi<\/p>\n<\/p><\/div>\n<div class=\"tab-pane \" id=\"composition\">\n<p>Naatriumkarbonaatperoks\u00fch\u00fcdraat, naatriumkarbonaat.<\/p>\n<\/p><\/div><\/div>\n","protected":false},"excerpt":{"rendered":"<p>BioTrim MYSTIK puhastuspulber lahuse valmistamiseks. See eemaldab t\u00f5husalt kangekaelse mustuse esmaklassilisest klaasist ja kristallist valmistatud sisustusesemetelt. See eemaldab kiiresti kohvi- ja teeplekid ning katlakivi teekannudelt, kohvimasinatelt ning portselanist ja klaasist valmistatud n\u00f5udelt. See puhastab \u00f5rnalt h\u00f5bedast ja v\u00e4\u00e4rismetallidest valmistatud s\u00f6\u00f6giriistu. Sellel on antibakteriaalne toime. KUIDAS KASUTADA Katlakivi: pange 15 g pulbrit, valage 1,5 l kuuma &hellip; <a href=\"https:\/\/greenway.ee\/et\/toode\/mustik-puhastuspulber\/\" class=\"more-link\">Continue reading <span class=\"screen-reader-text\">Mystik. Puhastuspulber<\/span><\/a><\/p>\n","protected":false},"featured_media":8016,"template":"","meta":[],"product_brand":[],"product_cat":[181,183],"product_tag":[],"class_list":{"0":"post-6859","1":"product","2":"type-product","3":"status-publish","4":"has-post-thumbnail","6":"product_cat-majapidamine","7":"product_cat-puhastustooted","9":"first","10":"instock","11":"taxable","12":"shipping-taxable","13":"purchasable","14":"product-type-simple"},"_links":{"self":[{"href":"https:\/\/greenway.ee\/et\/wp-json\/wp\/v2\/product\/6859","targetHints":{"allow":["GET"]}}],"collection":[{"href":"https:\/\/greenway.ee\/et\/wp-json\/wp\/v2\/product"}],"about":[{"href":"https:\/\/greenway.ee\/et\/wp-json\/wp\/v2\/types\/product"}],"wp:featuredmedia":[{"embeddable":true,"href":"https:\/\/greenway.ee\/et\/wp-json\/wp\/v2\/media\/8016"}],"wp:attachment":[{"href":"https:\/\/greenway.ee\/et\/wp-json\/wp\/v2\/media?parent=6859"}],"wp:term":[{"taxonomy":"product_brand","embeddable":true,"href":"https:\/\/greenway.ee\/et\/wp-json\/wp\/v2\/product_brand?post=6859"},{"taxonomy":"product_cat","embeddable":true,"href":"https:\/\/greenway.ee\/et\/wp-json\/wp\/v2\/product_cat?post=6859"},{"taxonomy":"product_tag","embeddable":true,"href":"https:\/\/greenway.ee\/et\/wp-json\/wp\/v2\/product_tag?post=6859"}],"curies":[{"name":"wp","href":"https:\/\/api.w.org\/{rel}","templated":true}]}}