{"id":6861,"date":"2021-07-09T12:29:32","date_gmt":"2021-08-24T12:52:33","guid":{"rendered":"https:\/\/greenway.ee\/product\/mystik-puhastav-pasta\/"},"modified":"2021-08-24T12:52:46","modified_gmt":"2021-08-24T12:52:46","slug":"mystik-puhastav-pasta","status":"publish","type":"product","link":"https:\/\/greenway.ee\/et\/toode\/mystik-puhastav-pasta\/","title":{"rendered":"Mystik. Puhastav pasta"},"content":{"rendered":"<\/p>\n<div class=\"tab-content responsive\">\n<div class=\"tab-pane active\" id=\"description\">\n<p>Puhastuspasta Biotrim MYSTIK on m\u00f5eldud laialdaseks kasutamiseks. See eemaldab t\u00f5husalt kangekaelsed plekid, sealhulgas rooste, p\u00f5letatud kohad ja rasva roostevabast materjalist, klaasist, plastikust, keraamikast ja portselanist. Puhastuspasta pehmelt poleerib ja annab l\u00e4ikivatele katetele s\u00e4ra. Loodusliku p\u00e4ritoluga koostisosade ainulaadne valem. See ei sisalda m\u00fcrgiseid komponente ja on t\u00e4ielikult biolagunev.<\/p>\n<\/p>\n<p>KASUTUSJUHEND<\/p>\n<p>Kandke pasta niisutatud pinnale, mis vajab puhastamist. P\u00fchkige pind m\u00e4rja mikrokiudlapiga. Keerukate saasteainete korral kasutage k\u00e4sna v\u00f5i mikrokiudketast. Klaasi, peegli ja muude l\u00e4ikivate katete mustuse eemaldamiseks kasutage pasta vesilahust vahekorras 1 kuni 5. Kandke see lapiga v\u00f5i k\u00e4snaga, p\u00fchkige pind kuiva mikrokiust tootega.<\/p>\n<\/p>\n<p>K\u00f5lblikkusaeg: 3 aastat.<\/p>\n<p>Kaal: 200 grammi<\/p>\n<\/p><\/div>\n<div class=\"tab-pane \" id=\"composition\">\n<p>R\u00e4nidioksiid, puhastatud vesi, gl\u00fctseriin, limoneen.<\/p>\n<\/p><\/div><\/div>\n","protected":false},"excerpt":{"rendered":"<p>Puhastuspasta Biotrim MYSTIK on m\u00f5eldud laialdaseks kasutamiseks. See eemaldab t\u00f5husalt kangekaelsed plekid, sealhulgas rooste, p\u00f5letatud kohad ja rasva roostevabast materjalist, klaasist, plastikust, keraamikast ja portselanist. Puhastuspasta pehmelt poleerib ja annab l\u00e4ikivatele katetele s\u00e4ra. Loodusliku p\u00e4ritoluga koostisosade ainulaadne valem. See ei sisalda m\u00fcrgiseid komponente ja on t\u00e4ielikult biolagunev. KASUTUSJUHEND Kandke pasta niisutatud pinnale, mis vajab puhastamist. &hellip; <a href=\"https:\/\/greenway.ee\/et\/toode\/mystik-puhastav-pasta\/\" class=\"more-link\">Continue reading <span class=\"screen-reader-text\">Mystik. Puhastav pasta<\/span><\/a><\/p>\n","protected":false},"featured_media":8019,"template":"","meta":[],"product_brand":[],"product_cat":[181,183],"product_tag":[],"class_list":{"0":"post-6861","1":"product","2":"type-product","3":"status-publish","4":"has-post-thumbnail","6":"product_cat-majapidamine","7":"product_cat-puhastustooted","9":"first","10":"instock","11":"taxable","12":"shipping-taxable","13":"purchasable","14":"product-type-simple"},"_links":{"self":[{"href":"https:\/\/greenway.ee\/et\/wp-json\/wp\/v2\/product\/6861","targetHints":{"allow":["GET"]}}],"collection":[{"href":"https:\/\/greenway.ee\/et\/wp-json\/wp\/v2\/product"}],"about":[{"href":"https:\/\/greenway.ee\/et\/wp-json\/wp\/v2\/types\/product"}],"wp:featuredmedia":[{"embeddable":true,"href":"https:\/\/greenway.ee\/et\/wp-json\/wp\/v2\/media\/8019"}],"wp:attachment":[{"href":"https:\/\/greenway.ee\/et\/wp-json\/wp\/v2\/media?parent=6861"}],"wp:term":[{"taxonomy":"product_brand","embeddable":true,"href":"https:\/\/greenway.ee\/et\/wp-json\/wp\/v2\/product_brand?post=6861"},{"taxonomy":"product_cat","embeddable":true,"href":"https:\/\/greenway.ee\/et\/wp-json\/wp\/v2\/product_cat?post=6861"},{"taxonomy":"product_tag","embeddable":true,"href":"https:\/\/greenway.ee\/et\/wp-json\/wp\/v2\/product_tag?post=6861"}],"curies":[{"name":"wp","href":"https:\/\/api.w.org\/{rel}","templated":true}]}}