{"id":6902,"date":"2021-07-08T14:04:08","date_gmt":"2021-08-24T12:54:36","guid":{"rendered":"https:\/\/greenway.ee\/product\/vaata-prillide-riie\/"},"modified":"2023-09-26T09:49:57","modified_gmt":"2023-09-26T09:49:57","slug":"vaat-prillid-riie","status":"publish","type":"product","link":"https:\/\/greenway.ee\/et\/toode\/vaat-prillid-riie\/","title":{"rendered":"Green Fiber HOME \u04203 Optiline kiud, hall"},"content":{"rendered":"<p>M\u00f5\u00f5tmed: 15 \u0445 15 cm<\/p>\n<p>Selge vaade maailmale on garanteeritud, kui usaldate oma l\u00e4\u00e4tsede puhtuse optilise kiu k\u00e4tte. Spetsiaalne sile pind puhastab ja poleerib optikat \u00f5rnalt, j\u00e4ttes kriimustusi, viltu ega triipe. Kasutage kuiva puhastusvahendit vabaaja prillide ja p\u00e4ikeseprillide puhastamiseks.<\/p>\n<p>Optiline kiud, mis on valmistatud \u00fcli\u00f5hukesest t\u00fckeldatud mikrokiust, eemaldab \u00f5rnalt mustuse ja s\u00f5rmej\u00e4ljed, j\u00e4tmata l\u00e4\u00e4tse pinnale kriimustusi, viltu ega triipe. See sobib vabaaja prillidele ja p\u00e4ikeseprillidele.<\/p>\n<p>Keskenduge kolmele peamisele omadusele 10-pallisel skaalal, kus 10 on k\u00f5rgeim.<br \/>\nAbsorbentsus &#8211; 2<br \/>\nPoleerimine &#8211; 9<br \/>\nKoorimine &#8211; 5<\/p>\n<p>Jaapani tehnoloogia abil v\u00e4lja t\u00f6\u00f6tatud UpPoly kiudu, mille puhul kasutatakse ainulaadset v\u00f5rku, kasutatakse Green Fiber&#8217;i tootmiseks. Sadadeks mikrofilamentideks jagunenud m\u00e4rg kiud tekitab kapillaarefekti. Nagu v\u00f5imas tolmuimeja, imeb see koos mustusega ka palju niiskust. Kiud toimib kui magnet, mis t\u00f5mbab ja hoiab kinni tolmu. Tee puhastamine keskkonnas\u00f5bralikuks ja mugavaks Green Fiberiga!<\/p>\n<p>Green Fiber HOME kiud on:<\/p>\n<ul>\n<li>Keskkonnas\u00f5bralik ja ohutu. Ei ole vaja kasutada t\u00e4iendavaid puhastusvahendeid;<\/li>\n<li>K\u00f5rgtehnoloogia. Nende aluseks on Jaapani tehnoloogia abil v\u00e4lja t\u00f6\u00f6tatud UpPoly kiud, millel on ainulaadne v\u00f5rk;<\/li>\n<li>Vastupidav. Need on kulumiskindlad ja n\u00e4evad kaua hea v\u00e4lja. Eluaeg on 2 aastat;<\/li>\n<li>\u00d6konoomne. Nad s\u00e4\u00e4stavad teie raha, aega ja energiat;<\/li>\n<li>Mitmeotstarbeline. Kasutage mitmesuguseid tooteid erinevatel eesm\u00e4rkidel. Populaarsed tooted on saadaval mitmes v\u00e4rvitoonis korraga.<\/li>\n<\/ul>\n","protected":false},"excerpt":{"rendered":"<p>M\u00f5\u00f5tmed: 15 \u0445 15 cm Selge vaade maailmale on garanteeritud, kui usaldate oma l\u00e4\u00e4tsede puhtuse optilise kiu k\u00e4tte. Spetsiaalne sile pind puhastab ja poleerib optikat \u00f5rnalt, j\u00e4ttes kriimustusi, viltu ega triipe. Kasutage kuiva puhastusvahendit vabaaja prillide ja p\u00e4ikeseprillide puhastamiseks. Optiline kiud, mis on valmistatud \u00fcli\u00f5hukesest t\u00fckeldatud mikrokiust, eemaldab \u00f5rnalt mustuse ja s\u00f5rmej\u00e4ljed, j\u00e4tmata l\u00e4\u00e4tse pinnale &hellip; <a href=\"https:\/\/greenway.ee\/et\/toode\/vaat-prillid-riie\/\" class=\"more-link\">Continue reading <span class=\"screen-reader-text\">Green Fiber HOME \u04203 Optiline kiud, hall<\/span><\/a><\/p>\n","protected":false},"featured_media":8142,"template":"","meta":[],"product_brand":[],"product_cat":[181,189],"product_tag":[],"class_list":{"0":"post-6902","1":"product","2":"type-product","3":"status-publish","4":"has-post-thumbnail","6":"product_cat-majapidamine","7":"product_cat-tekstiil","9":"first","10":"instock","11":"taxable","12":"shipping-taxable","13":"purchasable","14":"product-type-simple"},"_links":{"self":[{"href":"https:\/\/greenway.ee\/et\/wp-json\/wp\/v2\/product\/6902","targetHints":{"allow":["GET"]}}],"collection":[{"href":"https:\/\/greenway.ee\/et\/wp-json\/wp\/v2\/product"}],"about":[{"href":"https:\/\/greenway.ee\/et\/wp-json\/wp\/v2\/types\/product"}],"wp:featuredmedia":[{"embeddable":true,"href":"https:\/\/greenway.ee\/et\/wp-json\/wp\/v2\/media\/8142"}],"wp:attachment":[{"href":"https:\/\/greenway.ee\/et\/wp-json\/wp\/v2\/media?parent=6902"}],"wp:term":[{"taxonomy":"product_brand","embeddable":true,"href":"https:\/\/greenway.ee\/et\/wp-json\/wp\/v2\/product_brand?post=6902"},{"taxonomy":"product_cat","embeddable":true,"href":"https:\/\/greenway.ee\/et\/wp-json\/wp\/v2\/product_cat?post=6902"},{"taxonomy":"product_tag","embeddable":true,"href":"https:\/\/greenway.ee\/et\/wp-json\/wp\/v2\/product_tag?post=6902"}],"curies":[{"name":"wp","href":"https:\/\/api.w.org\/{rel}","templated":true}]}}