{"id":6910,"date":"2021-07-09T11:35:11","date_gmt":"2021-08-24T12:55:35","guid":{"rendered":"https:\/\/greenway.ee\/product\/mop-universaalne-mop-kahe-mikrokiust-kinnitusega-porandale-ja-muudele-pindadele\/"},"modified":"2021-08-24T12:55:57","modified_gmt":"2021-08-24T12:55:57","slug":"mop-universaalne-mop-millel-on-kaks-kinnitust-mikrokiust-porandale-ja-muudele-pindadele","status":"publish","type":"product","link":"https:\/\/greenway.ee\/et\/toode\/mop-universaalne-mop-millel-on-kaks-kinnitust-mikrokiust-porandale-ja-muudele-pindadele\/","title":{"rendered":"Mop. Universaalne mop kahe mikrokiust kinnitusega p\u00f5randale ja muudele pindadele"},"content":{"rendered":"<\/p>\n<div class=\"tab-content responsive\">\n<div class=\"tab-pane active\" id=\"description\">\n<p>Eksklusiivsed Aquamatic sarja tooted on ainulaadsed, stiilsed ja h\u00f5lpsasti kasutatavad puhastusvahendid. Paindlikud tugevdused ja eemaldatavad mehhanismid muudavad need multifunktsionaalseks. Selliste toodete kvaliteetsed materjalid, mitmek\u00fclgsus, t\u00f6\u00f6kindlus ja ergonoomika muudavad need h\u00e4davajalikuks igas kodus.<\/p>\n<\/p>\n<p>\u00dclimoodne k\u00f5rgtehnoloogiline mopp v\u00f5imaldab ruumis h\u00f5lpsalt p\u00f5randat pesta, eemaldades laest ja seintelt mustuse, kulutades k\u00f5ige v\u00e4hem vaeva ja aega. Sellel on ainulaadne disain, t\u00e4nu millele on seda erakordselt mugav kasutada ja see v\u00f5imaldab v\u00e4hendada puhastusaega.<br \/>\nUsaldusv\u00e4\u00e4rsed kangaklambrid tagavad puhastusvahendite kiire vahetamise.<\/p>\n<p>Teleskoopvarre saab fikseerida soovitud tasemele 77 kuni 128 cm, et tagada erinevate pindade kvaliteetne puhastamine. Mopp on varustatud spetsiaalse p\u00f6\u00f6rleva mehhanismiga, mis suurendab selle juhitavust.<\/p>\n<p>Mopikomplekt Aquamatic sisaldab kahte mikrokiust kinnitust, mis tagavad keskkonnas\u00f5braliku puhastuse ja loovad turvalise keskkonna lastele, rasedatele ja naha \u00fclitundlikkusele, allergiatele v\u00f5i astmale. Aquamatic mopp muudab puhastamise lihtsamaks, kiiremaks ja kvaliteetsemaks ning s\u00e4\u00e4stab aega ja raha!<\/p>\n<\/p>\n<p>KOMPLEKT SISALDAB:<\/p>\n<ul>\n<li><strong>Mopi platvorm<\/strong><\/li>\n<\/ul>\n<p>T\u00e4nu sisseehitatud liigendile v\u00f5ib platvorm p\u00f6\u00f6rata igas suunas, et tagada k\u00f5igi pindade kvaliteetne puhastamine. Ainulaadne kuju \u00fcmarate servade ja eripindadega h\u00f5lbustab saaste eemaldamist. Kummist kate v\u00e4hendab survet kattele ja hoiab kindlalt kinnitust. Painduv traks, mis \u00fchendab platvormi ja teleskoopk\u00e4epidet, on valmistatud kvaliteetsest materjalist ja talub suuri koormusi. Klambrid kinnitavad lapi mugavalt ja kindlalt ning tagavad puhastusvahendite kiire vahetamise.<\/p>\n<ul>\n<li><strong>Universaalne teleskoopk\u00e4epide<\/strong><\/li>\n<\/ul>\n<p>Kahekordse k\u00e4epidemega p\u00f6\u00f6rdklambri abil kinnitatakse teleskoopk\u00e4epide kindlalt igale pikkusele 77 kuni 128 cm, mis v\u00f5imaldab mopi kasutada mitte ainult p\u00f5randa, vaid ka seinte ja lagede puhastamiseks. Sellel on elastne k\u00e4epide, mis v\u00e4ldib puhastamisel k\u00e4te libisemist.<\/p>\n<ul>\n<li><strong>Kinnitus keemiliseks puhastamiseks<\/strong><\/li>\n<\/ul>\n<p>Muudab suurte pindade puhastamise kiireks ja kvaliteetseks. T\u00e4nu unikaalsele tekstuurile kogub Brosse kangas suurep\u00e4raselt tolmu ja mustuse p\u00f5randalt, seintelt ja laelt, mis on ideaalne parkett- ja laminaathoolduseks.<\/p>\n<ul>\n<li><strong>Seade m\u00e4rgpuhastuseks<\/strong><\/li>\n<\/ul>\n<p>Kahepoolne kinnitus peseb suurep\u00e4raselt pinda, eemaldab mustuse, j\u00e4tmata plekke. M\u00e4hkmepind sobib ideaalselt regulaarseks m\u00e4rgpuhastuseks, see kogub suurep\u00e4raselt mustust ja imab vett. Tekstiilist k\u00fclg v\u00f5imaldab hoolikalt ja p\u00f5hjalikult k\u00f5rvaldada mustusega seotud probleemid, kahjustamata pinda.\n <\/p>\n<p>TOOTE KOKKUV\u00d5TMISE JUHISED<\/p>\n<ol>\n<li>Sisestage teleskoopk\u00e4epide platvormi k\u00e4epidemesse ja pingutage mutrit p\u00e4rip\u00e4eva, kuni see peatub.<\/li>\n<li>Vajutage hoidikud v\u00e4lja ja sisestage manuse servad, seej\u00e4rel vajutage hoidikuid.<\/li>\n<li>Reguleerige teleskoopk\u00e4epideme pikkust. Selleks keerake lahti k\u00e4epideme kinnitusmutter, keerake k\u00e4epideme \u00fclemine osa vastu alumist vastup\u00e4eva, sirutage k\u00e4epide soovitud pikkusele, kinnitage pikkus p\u00e4rip\u00e4eva keerates ja pingutage k\u00e4epideme kinnitusmutter.<\/li>\n<li>Mopp on kasutamiseks valmis.<\/li>\n<\/ol>\n<p>KASUTUSTINGIMUSED:<\/p>\n<p>\u2022 Selleks, et mopp t\u00f6\u00f6taks kauem ja saaks puhastust nautida, k\u00e4sitsege seda ettevaatlikult, veenduge, et see ei deformeeruks ega puutuks kokku k\u00fctteseadmetega.<\/p>\n<ul>\n<li>V\u00e4ltige kokkupanekul ja kasutamisel liigset mehaanilist pinget. Olge puhastusseadmete hoidikuid vajutades ettevaatlik.<\/li>\n<li>Parimate tulemuste saavutamiseks kasutage originaalseid mikrokiust kinnitusi.<\/li>\n<li>\u00c4rge j\u00e4tke mikrokiust lisaseadmeid p\u00e4rast puhastamist mopile m\u00e4rjaks. Neid soovitatakse pesta ja kuivatada mopist eraldi.<\/li>\n<li>Lisaseadmete ainulaadsete omaduste ja funktsionaalsuse s\u00e4ilitamiseks j\u00e4rgige mikrokiust toodete kasutamise juhiseid.<\/li>\n<\/ul>\n<p>Pindade puhastamiseks kasutatavad tarvikud, mida kasutatakse Aquamatic tootesarjas, on valmistatud \u00fclipeenest t\u00fckeldatud mikrokiust, mis on toodetud uusima tekstiilitehnoloogia abil: iga niit l\u00f5igatakse pikisuunas kaheksaks korrap\u00e4raseks l\u00f5iguks, mis moodustavad kogu niidi pikkuses mikroskoopilised pilud. T\u00e4nu sellele omadusele moodustub kapillaariefekt: pindpinevuse m\u00f5jul eraldub mustus ja tolm niiskus puhastatavalt pinnalt ja kangasse.<\/p>\n<p>MIKROFIILI TOODETE KASUTAMISJUHISED:<\/p>\n<ul>\n<li>Peske seebi v\u00f5i \u00f5rna pesuvahendiga ilma valgendi ja palsamita, teistest kangastest eraldi.<\/li>\n<li>Tugeva saastumise korral on toote keetmine lubatud (niisutage seep h\u00e4sti ja asetage see keevasse vette mitte rohkem kui kolmeks minutiks).<\/li>\n<li>\u00c4rge kasutage k\u00f5rgel temperatuuril (\u00e4rge p\u00fchkige soojendusega kodumasinaid: lambid, k\u00fctteseadmed jms).<\/li>\n<li>\u00c4rge triikige.<\/li>\n<li>\u00c4rge kuivatage kuumadel radiaatoritel.<\/li>\n<li>\u00c4rge peske masinas ega kuivatage tsentrifuugikuivatis.<\/li>\n<li>V\u00e4ltige mikrokiudude AQUAmagic kokkupuudet kodukeemiaga.<\/li>\n<\/ul>\n<p>Mikrokiust lisaseadmete ainulaadsete omaduste ja v\u00e4limuse s\u00e4ilitamiseks j\u00e4rgige alati kasutusjuhendit. Toote eluiga, t\u00e4ites k\u00f5ik tingimused &#8211; kuni 2 aastat.<\/p>\n<\/p><\/div>\n<div class=\"tab-pane \" id=\"composition\">\n<p>Mopiplatvorm, universaalne teleskoopk\u00e4epide, lisaseade keemiliseks puhastamiseks, lisaseade m\u00e4rgpuhastuseks.<\/p>\n<\/p><\/div><\/div>\n","protected":false},"excerpt":{"rendered":"<p>Eksklusiivsed Aquamatic sarja tooted on ainulaadsed, stiilsed ja h\u00f5lpsasti kasutatavad puhastusvahendid. Paindlikud tugevdused ja eemaldatavad mehhanismid muudavad need multifunktsionaalseks. Selliste toodete kvaliteetsed materjalid, mitmek\u00fclgsus, t\u00f6\u00f6kindlus ja ergonoomika muudavad need h\u00e4davajalikuks igas kodus. \u00dclimoodne k\u00f5rgtehnoloogiline mopp v\u00f5imaldab ruumis h\u00f5lpsalt p\u00f5randat pesta, eemaldades laest ja seintelt mustuse, kulutades k\u00f5ige v\u00e4hem vaeva ja aega. Sellel on ainulaadne disain, &hellip; <a href=\"https:\/\/greenway.ee\/et\/toode\/mop-universaalne-mop-millel-on-kaks-kinnitust-mikrokiust-porandale-ja-muudele-pindadele\/\" class=\"more-link\">Continue reading <span class=\"screen-reader-text\">Mop. Universaalne mop kahe mikrokiust kinnitusega p\u00f5randale ja muudele pindadele<\/span><\/a><\/p>\n","protected":false},"featured_media":8270,"template":"","meta":[],"product_brand":[],"product_cat":[181,187],"product_tag":[],"class_list":{"0":"post-6910","1":"product","2":"type-product","3":"status-publish","4":"has-post-thumbnail","6":"product_cat-majapidamine","7":"product_cat-mopid","9":"first","10":"instock","11":"taxable","12":"shipping-taxable","13":"purchasable","14":"product-type-simple"},"_links":{"self":[{"href":"https:\/\/greenway.ee\/et\/wp-json\/wp\/v2\/product\/6910","targetHints":{"allow":["GET"]}}],"collection":[{"href":"https:\/\/greenway.ee\/et\/wp-json\/wp\/v2\/product"}],"about":[{"href":"https:\/\/greenway.ee\/et\/wp-json\/wp\/v2\/types\/product"}],"wp:featuredmedia":[{"embeddable":true,"href":"https:\/\/greenway.ee\/et\/wp-json\/wp\/v2\/media\/8270"}],"wp:attachment":[{"href":"https:\/\/greenway.ee\/et\/wp-json\/wp\/v2\/media?parent=6910"}],"wp:term":[{"taxonomy":"product_brand","embeddable":true,"href":"https:\/\/greenway.ee\/et\/wp-json\/wp\/v2\/product_brand?post=6910"},{"taxonomy":"product_cat","embeddable":true,"href":"https:\/\/greenway.ee\/et\/wp-json\/wp\/v2\/product_cat?post=6910"},{"taxonomy":"product_tag","embeddable":true,"href":"https:\/\/greenway.ee\/et\/wp-json\/wp\/v2\/product_tag?post=6910"}],"curies":[{"name":"wp","href":"https:\/\/api.w.org\/{rel}","templated":true}]}}