{"id":6922,"date":"2021-07-09T09:10:59","date_gmt":"2021-08-24T12:56:03","guid":{"rendered":"https:\/\/greenway.ee\/product\/aquamagic-laska-mitten\/"},"modified":"2023-09-26T08:34:46","modified_gmt":"2023-09-26T08:34:46","slug":"aquamagic-laska-labakindad","status":"publish","type":"product","link":"https:\/\/greenway.ee\/et\/toode\/aquamagic-laska-labakindad\/","title":{"rendered":"CARE 6 Pehme kinnas, korall"},"content":{"rendered":"<div class=\"tab-content responsive\">\n<div id=\"description\" class=\"tab-pane active\">\n<p>M\u00f5\u00f5tmed: 21 \u0445 9 cm<\/p>\n<p>Treatyour naha eriline hooldus! Pehme k\u00e4pukate pind puhastab \u00f5rnalt n\u00e4o, kaela ja dekoltee nahka. See eemaldab meigij\u00e4\u00e4gid, andes kerge kooriva efekti. Toote regulaarne kasutamine hoiab naha kindla ja sileda.<\/p>\n<p>CARE-seeria kiud on m\u00f5eldud n\u00e4o- ja kehanaha hooldamiseks. Need on meeldiva puudutusega ja sobivad k\u00f5ikidele nahat\u00fc\u00fcpidele, sealhulgas tundlikule nahale. Kiudained on ideaalsed naha puhastamiseks. Need ei n\u00f5ua lisakosmeetika kasutamist ning pakuvad masseerivat ja koorivat toimet.<\/p>\n<p>Green Fiber CARE kiud on:<\/p>\n<ul>\n<li>Keskkonnas\u00f5bralik ja ohutu. Ei ole vaja kasutada t\u00e4iendavaid puhastusvahendeid;<\/li>\n<li>K\u00f5rgtehnoloogia. Nende aluseks on Jaapani tehnoloogia abil v\u00e4lja t\u00f6\u00f6tatud UpPoly kiud, millel on ainulaadne v\u00f5rk;<\/li>\n<li>Vastupidav. Need on kulumiskindlad ja n\u00e4evad kaua hea v\u00e4lja. Eluaeg on kaks aastat;<\/li>\n<li>\u00d6konoomne. Nad s\u00e4\u00e4stavad teie raha, aega ja energiat;<\/li>\n<li>Mitmeotstarbeline. Kasutage mitmesuguseid tooteid erinevatel eesm\u00e4rkidel. Populaarsed tooted on saadaval mitmes v\u00e4rvitoonis korraga.<\/li>\n<\/ul>\n<\/div>\n<\/div>\n","protected":false},"excerpt":{"rendered":"<p>M\u00f5\u00f5tmed: 21 \u0445 9 cm Treatyour naha eriline hooldus! Pehme k\u00e4pukate pind puhastab \u00f5rnalt n\u00e4o, kaela ja dekoltee nahka. See eemaldab meigij\u00e4\u00e4gid, andes kerge kooriva efekti. Toote regulaarne kasutamine hoiab naha kindla ja sileda. CARE-seeria kiud on m\u00f5eldud n\u00e4o- ja kehanaha hooldamiseks. Need on meeldiva puudutusega ja sobivad k\u00f5ikidele nahat\u00fc\u00fcpidele, sealhulgas tundlikule nahale. Kiudained on &hellip; <a href=\"https:\/\/greenway.ee\/et\/toode\/aquamagic-laska-labakindad\/\" class=\"more-link\">Continue reading <span class=\"screen-reader-text\">CARE 6 Pehme kinnas, korall<\/span><\/a><\/p>\n","protected":false},"featured_media":8062,"template":"","meta":[],"product_brand":[],"product_cat":[181,189],"product_tag":[],"class_list":{"0":"post-6922","1":"product","2":"type-product","3":"status-publish","4":"has-post-thumbnail","6":"product_cat-majapidamine","7":"product_cat-tekstiil","9":"first","10":"instock","11":"taxable","12":"shipping-taxable","13":"purchasable","14":"product-type-simple"},"_links":{"self":[{"href":"https:\/\/greenway.ee\/et\/wp-json\/wp\/v2\/product\/6922","targetHints":{"allow":["GET"]}}],"collection":[{"href":"https:\/\/greenway.ee\/et\/wp-json\/wp\/v2\/product"}],"about":[{"href":"https:\/\/greenway.ee\/et\/wp-json\/wp\/v2\/types\/product"}],"wp:featuredmedia":[{"embeddable":true,"href":"https:\/\/greenway.ee\/et\/wp-json\/wp\/v2\/media\/8062"}],"wp:attachment":[{"href":"https:\/\/greenway.ee\/et\/wp-json\/wp\/v2\/media?parent=6922"}],"wp:term":[{"taxonomy":"product_brand","embeddable":true,"href":"https:\/\/greenway.ee\/et\/wp-json\/wp\/v2\/product_brand?post=6922"},{"taxonomy":"product_cat","embeddable":true,"href":"https:\/\/greenway.ee\/et\/wp-json\/wp\/v2\/product_cat?post=6922"},{"taxonomy":"product_tag","embeddable":true,"href":"https:\/\/greenway.ee\/et\/wp-json\/wp\/v2\/product_tag?post=6922"}],"curies":[{"name":"wp","href":"https:\/\/api.w.org\/{rel}","templated":true}]}}