{"id":6934,"date":"2021-07-09T09:08:09","date_gmt":"2021-08-24T12:56:30","guid":{"rendered":"https:\/\/greenway.ee\/product\/laska-kooriv-kasn\/"},"modified":"2023-09-26T08:49:45","modified_gmt":"2023-09-26T08:49:45","slug":"laska-kooriv-kasn","status":"publish","type":"product","link":"https:\/\/greenway.ee\/et\/toode\/laska-kooriv-kasn\/","title":{"rendered":"CARE 3 koorimissponge, korall, korall"},"content":{"rendered":"<p>M\u00f5\u00f5tmed: 8 \u0445 4,5 cm<\/p>\n<p>Teie n\u00e4gu on kooriva k\u00e4sna abil sile nagu siid. Kooriv k\u00e4sn on m\u00f5eldud suurep\u00e4raste tulemuste saavutamiseks. Selle spetsiaalne mikrokiudude kudumine eemaldab surnud naharakud, pakkudes samal ajal n\u00e4ole toniseerivat mikromassaa\u017ei. Vabanege koorumistest ja t\u00fc\u00fctutest mustpeadest ning nautige oma n\u00e4onaha tugevat ja v\u00e4rsket nahka.<\/p>\n<p>Koorimine on v\u00e4ga oluline ravi. Tee oma nahk t\u00e4iesti puhtaks ja siledaks. Kooriv k\u00e4sn eemaldab naha pinnalt surnud osakesed ning pakub s\u00fcgavat koorivat ja massaa\u017eiefekti, stimuleerides taastumisprotsesse. Regulaarsel kasutamisel muutub teie nahk tugevaks ja matiks, seda k\u00f5ike ilma mustade p\u00e4he ja koorimiseta. Erinevalt tavap\u00e4rastest koorimistest saab seda kasutada k\u00f5ikide nahat\u00fc\u00fcpide puhul ja igal aastaajal.<\/p>\n<p>CARE-seeria kiud on m\u00f5eldud n\u00e4o- ja kehanaha hooldamiseks. Need on meeldiva puudutusega ja sobivad k\u00f5ikidele nahat\u00fc\u00fcpidele, sealhulgas tundlikule nahale. Kiudained on ideaalsed naha puhastamiseks. Need ei n\u00f5ua lisakosmeetika kasutamist ning pakuvad masseerivat ja koorivat toimet.<\/p>\n<p>Green Fiber CARE kiud on:<\/p>\n<ul>\n<li>Keskkonnas\u00f5bralik ja ohutu. Ei ole vaja kasutada t\u00e4iendavaid puhastusvahendeid;<\/li>\n<li>K\u00f5rgtehnoloogia. Nende aluseks on Jaapani tehnoloogia abil v\u00e4lja t\u00f6\u00f6tatud UpPoly kiud, millel on ainulaadne v\u00f5rk;<\/li>\n<li>Vastupidav. Need on kulumiskindlad ja n\u00e4evad kaua hea v\u00e4lja. Eluaeg on kaks aastat;<\/li>\n<li>\u00d6konoomne. Nad s\u00e4\u00e4stavad teie raha, aega ja energiat;<\/li>\n<li>Mitmeotstarbeline. Kasutage mitmesuguseid tooteid erinevatel eesm\u00e4rkidel. Populaarsed tooted on saadaval mitmes v\u00e4rvitoonis korraga.<\/li>\n<\/ul>\n<p>Kasutage puhastamiseks m\u00e4rga. \u00c4rge triikige. Mitte kuivatada radiaatoril.<\/p>\n","protected":false},"excerpt":{"rendered":"<p>M\u00f5\u00f5tmed: 8 \u0445 4,5 cm Teie n\u00e4gu on kooriva k\u00e4sna abil sile nagu siid. Kooriv k\u00e4sn on m\u00f5eldud suurep\u00e4raste tulemuste saavutamiseks. Selle spetsiaalne mikrokiudude kudumine eemaldab surnud naharakud, pakkudes samal ajal n\u00e4ole toniseerivat mikromassaa\u017ei. Vabanege koorumistest ja t\u00fc\u00fctutest mustpeadest ning nautige oma n\u00e4onaha tugevat ja v\u00e4rsket nahka. Koorimine on v\u00e4ga oluline ravi. Tee oma nahk &hellip; <a href=\"https:\/\/greenway.ee\/et\/toode\/laska-kooriv-kasn\/\" class=\"more-link\">Continue reading <span class=\"screen-reader-text\">CARE 3 koorimissponge, korall, korall<\/span><\/a><\/p>\n","protected":false},"featured_media":8085,"template":"","meta":[],"product_brand":[],"product_cat":[181,189],"product_tag":[],"class_list":{"0":"post-6934","1":"product","2":"type-product","3":"status-publish","4":"has-post-thumbnail","6":"product_cat-majapidamine","7":"product_cat-tekstiil","9":"first","10":"instock","11":"taxable","12":"shipping-taxable","13":"purchasable","14":"product-type-simple"},"_links":{"self":[{"href":"https:\/\/greenway.ee\/et\/wp-json\/wp\/v2\/product\/6934","targetHints":{"allow":["GET"]}}],"collection":[{"href":"https:\/\/greenway.ee\/et\/wp-json\/wp\/v2\/product"}],"about":[{"href":"https:\/\/greenway.ee\/et\/wp-json\/wp\/v2\/types\/product"}],"wp:featuredmedia":[{"embeddable":true,"href":"https:\/\/greenway.ee\/et\/wp-json\/wp\/v2\/media\/8085"}],"wp:attachment":[{"href":"https:\/\/greenway.ee\/et\/wp-json\/wp\/v2\/media?parent=6934"}],"wp:term":[{"taxonomy":"product_brand","embeddable":true,"href":"https:\/\/greenway.ee\/et\/wp-json\/wp\/v2\/product_brand?post=6934"},{"taxonomy":"product_cat","embeddable":true,"href":"https:\/\/greenway.ee\/et\/wp-json\/wp\/v2\/product_cat?post=6934"},{"taxonomy":"product_tag","embeddable":true,"href":"https:\/\/greenway.ee\/et\/wp-json\/wp\/v2\/product_tag?post=6934"}],"curies":[{"name":"wp","href":"https:\/\/api.w.org\/{rel}","templated":true}]}}