{"id":6937,"date":"2021-07-09T09:04:48","date_gmt":"2021-08-24T12:57:03","guid":{"rendered":"https:\/\/greenway.ee\/product\/luksus-autoratik-kahepoolne\/"},"modified":"2023-09-26T08:57:43","modified_gmt":"2023-09-26T08:57:43","slug":"luksus-auto-ratik-kahe-naoga","status":"publish","type":"product","link":"https:\/\/greenway.ee\/et\/toode\/luksus-auto-ratik-kahe-naoga\/","title":{"rendered":"Green Fiber AUTO A5 auto r\u00e4tik kuiva puhastuse jaoks, hallikas-roheline"},"content":{"rendered":"<p>M\u00f5\u00f5tmed: 40 \u0445 30 cm<\/p>\n<p>Kas teil on vaba aega? P\u00fchendage see auto puhastamisele! Pikliku kuhjaga autopesur\u00e4tik eemaldab kiiresti ja t\u00f5husalt tolmu, mustuse ja plekid, mis on tekkinud valatud kohvist v\u00f5i veest, mis tahes pinnalt. Sobib kroomitud detailide kriimustusteta poleerimiseks ja auto kere t\u00f5husaks kuivatamiseks p\u00e4rast pesemist.<\/p>\n<p>Kuivapuhastusr\u00e4tik on universaalne t\u00f6\u00f6riist, mis peaks olema iga auto kindalaekas. See eemaldab kiiresti tolmu, mustuse ja plekid k\u00f5ikidelt auto pindadelt. Piklik kuhja kogub isegi pisikesi mustuseosakesi raskesti ligip\u00e4\u00e4setavatest kohtadest, j\u00e4ttes plekke ja triipe. R\u00e4tik on pehme ja meeldiva puudutusega. Seega poleerib see teie auto kroomitud elemendid \u00f5rnalt, j\u00e4tmata kriimustusi. Autor\u00e4tik on asendamatu abivahend auto kere pesemiseks ja kondensaadi eemaldamiseks. Soovitatav on p\u00e4rast kasutamist pesta auto r\u00e4tik soojas vees ja kasutada keskkonnas\u00f5bralikku Biotrim seepi, et eemaldada kangekaelne mustus.<\/p>\n<p>Keskenduge kolmele peamisele omadusele 10-pallisel skaalal, kus 10 on k\u00f5rgeim.<br \/>\nAbsorbentsus &#8211; 9<br \/>\nPoleerimine &#8211; 3<br \/>\nKoorimine &#8211; 4<\/p>\n<p>AUTO-seeria sisaldab puhastavaid, imavaid ja poleerivaid kiudusid keerukaks autohoolduseks. Auto kere ja sisustuse pesemiseks ei ole vaja kasutada kodukeemiaid. Nad ei j\u00e4ta kriimustusi, viltu ega triipe. Kiudusid on mugav hoida kindalaekas, et teie auto oleks igal ajal puhas ja n\u00e4eks v\u00e4lja parimana.<\/p>\n<p>Green Fiber AUTO kiud on:<\/p>\n<ul>\n<li>Keskkonnas\u00f5bralik ja ohutu. Ei ole vaja kasutada t\u00e4iendavaid puhastusvahendeid;<\/li>\n<li>K\u00f5rgtehnoloogia. Nende aluseks on Jaapani tehnoloogia abil v\u00e4lja t\u00f6\u00f6tatud UpPoly kiud, millel on ainulaadne v\u00f5rk;<\/li>\n<li>Vastupidav. Need on kulumiskindlad ja n\u00e4evad kaua hea v\u00e4lja. Eluaeg on 2 aastat;<\/li>\n<li>\u00d6konoomne. Nad s\u00e4\u00e4stavad teie raha, aega ja energiat;<\/li>\n<li>Mitmeotstarbeline. Kasutage mitmesuguseid tooteid erinevatel eesm\u00e4rkidel. Populaarsed tooted on saadaval mitmes v\u00e4rvitoonis korraga.<\/li>\n<\/ul>\n<p>Kasutage keemilise puhastuse jaoks. Mitte triikida, mitte kuivatada radiaatoril.<\/p>\n","protected":false},"excerpt":{"rendered":"<p>M\u00f5\u00f5tmed: 40 \u0445 30 cm Kas teil on vaba aega? P\u00fchendage see auto puhastamisele! Pikliku kuhjaga autopesur\u00e4tik eemaldab kiiresti ja t\u00f5husalt tolmu, mustuse ja plekid, mis on tekkinud valatud kohvist v\u00f5i veest, mis tahes pinnalt. Sobib kroomitud detailide kriimustusteta poleerimiseks ja auto kere t\u00f5husaks kuivatamiseks p\u00e4rast pesemist. Kuivapuhastusr\u00e4tik on universaalne t\u00f6\u00f6riist, mis peaks olema iga &hellip; <a href=\"https:\/\/greenway.ee\/et\/toode\/luksus-auto-ratik-kahe-naoga\/\" class=\"more-link\">Continue reading <span class=\"screen-reader-text\">Green Fiber AUTO A5 auto r\u00e4tik kuiva puhastuse jaoks, hallikas-roheline<\/span><\/a><\/p>\n","protected":false},"featured_media":8092,"template":"","meta":[],"product_brand":[],"product_cat":[181,189],"product_tag":[],"class_list":{"0":"post-6937","1":"product","2":"type-product","3":"status-publish","4":"has-post-thumbnail","6":"product_cat-majapidamine","7":"product_cat-tekstiil","9":"first","10":"instock","11":"taxable","12":"shipping-taxable","13":"purchasable","14":"product-type-simple"},"_links":{"self":[{"href":"https:\/\/greenway.ee\/et\/wp-json\/wp\/v2\/product\/6937","targetHints":{"allow":["GET"]}}],"collection":[{"href":"https:\/\/greenway.ee\/et\/wp-json\/wp\/v2\/product"}],"about":[{"href":"https:\/\/greenway.ee\/et\/wp-json\/wp\/v2\/types\/product"}],"wp:featuredmedia":[{"embeddable":true,"href":"https:\/\/greenway.ee\/et\/wp-json\/wp\/v2\/media\/8092"}],"wp:attachment":[{"href":"https:\/\/greenway.ee\/et\/wp-json\/wp\/v2\/media?parent=6937"}],"wp:term":[{"taxonomy":"product_brand","embeddable":true,"href":"https:\/\/greenway.ee\/et\/wp-json\/wp\/v2\/product_brand?post=6937"},{"taxonomy":"product_cat","embeddable":true,"href":"https:\/\/greenway.ee\/et\/wp-json\/wp\/v2\/product_cat?post=6937"},{"taxonomy":"product_tag","embeddable":true,"href":"https:\/\/greenway.ee\/et\/wp-json\/wp\/v2\/product_tag?post=6937"}],"curies":[{"name":"wp","href":"https:\/\/api.w.org\/{rel}","templated":true}]}}