{"id":6938,"date":"2021-07-09T09:03:46","date_gmt":"2021-08-24T12:57:15","guid":{"rendered":"https:\/\/greenway.ee\/product\/ultra-involveri-ketas\/"},"modified":"2023-09-26T09:06:23","modified_gmt":"2023-09-26T09:06:23","slug":"ultra-inverter-ketas","status":"publish","type":"product","link":"https:\/\/greenway.ee\/et\/toode\/ultra-inverter-ketas\/","title":{"rendered":"Green Fiber HOME S2 Involver, hall"},"content":{"rendered":"<p>M\u00f5\u00f5tmed: \u00d812 cm<\/p>\n<div>\n<div class=\"shop-app__container shop-app__container--no-pb\">\n<div class=\"tabs mt-4\" data-v-5478e33e=\"\">\n<div id=\"description\" class=\"tabs__item active\" data-v-5478e33e=\"\">\n<div class=\"tabs__item-wrapper\" data-v-5478e33e=\"\">\n<div class=\"content productDescription\" data-v-5478e33e=\"\">\n<p>Involveri ketaspuhastus tagab h\u00e4mmastava tulemuse vaid m\u00f5ne liigutusega. T\u00e4nu oma paindlikkusele eemaldab ketas \u00fcliraske mustuse isegi raskesti ligip\u00e4\u00e4setavatest kohtadest. Seda ei soovitata kasutada \u00f5rnade ja l\u00e4ikivate pindade puhul. See sobib m\u00e4rgpuhastuseks.<\/p>\n<p>\u00dcmmargune paindlik Involveri ketas on kasulik vahend, millega saab puhastada ka raskesti ligip\u00e4\u00e4setavaid kohti k\u00f6\u00f6gis ja vannitoas. Seda ei soovitata kasutada l\u00e4ikivate, lakitud pindade ja roostevabast terasest detailide puhul. See sobib m\u00e4rgpuhastuseks.<\/p>\n<p>Keskenduge kolmele peamisele omadusele 10-pallisel skaalal, kus 10 on k\u00f5rgeim.<\/p>\n<p>Absorbentsus &#8211; 2<br \/>\nPoleerimine &#8211; 1<br \/>\nPesemine &#8211; 9<\/p>\n<p>Jaapani tehnoloogia abil v\u00e4lja t\u00f6\u00f6tatud UpPoly kiudu, mille puhul kasutatakse ainulaadset v\u00f5rku, kasutatakse Green Fiber&#8217;i tootmiseks. Sadadeks mikrofilamentideks jagunenud m\u00e4rg kiud tekitab kapillaarefekti. Nagu v\u00f5imas tolmuimeja, imeb see koos mustusega ka palju niiskust. Kiud toimib kui magnet, mis t\u00f5mbab ja hoiab kinni tolmu. Tee puhastamine keskkonnas\u00f5bralikuks ja mugavaks Green Fiberiga!<\/p>\n<p>Green Fiber HOME kiud on:<\/p>\n<ul>\n<li>Keskkonnas\u00f5bralik ja ohutu. Ei ole vaja kasutada t\u00e4iendavaid puhastusvahendeid;<\/li>\n<li>K\u00f5rgtehnoloogia. Nende aluseks on Jaapani tehnoloogia abil v\u00e4lja t\u00f6\u00f6tatud UpPoly kiud, millel on ainulaadne v\u00f5rk;<\/li>\n<li>Vastupidav, kestab kuni 2 aastat majapidamises;<\/li>\n<li>\u00d6konoomne. Nad s\u00e4\u00e4stavad teie raha, aega ja energiat;<\/li>\n<li>Mitmeotstarbeline. Kasutage mitmesuguseid tooteid erinevatel eesm\u00e4rkidel. Populaarsed tooted on saadaval mitmes v\u00e4rvitoonis korraga.<\/li>\n<\/ul>\n<\/div>\n<\/div>\n<\/div>\n<\/div>\n<\/div>\n<\/div>\n<footer class=\"shop-footer\" data-v-1d11a382=\"\">\n<div class=\"shop-footer__wrapper\" data-v-1d11a382=\"\">\n<div class=\"shop-footer__grid\" data-v-1d11a382=\"\">\n<div class=\"shop-footer__left\" data-v-1d11a382=\"\"><\/div>\n<div class=\"shop-footer__middle\" data-v-1d11a382=\"\"><\/div>\n<div class=\"shop-footer__right\" data-v-1d11a382=\"\">\n<div class=\"socialIcons shop-footer__social\" data-v-1d11a382=\"\">\n<div class=\"icon-container\"><\/div>\n<div class=\"icon-container\"><\/div>\n<div class=\"icon-container\"><\/div>\n<div class=\"icon-container\"><\/div>\n<\/div>\n<div class=\"policyLinks shop-footerPolicy links\" data-v-1d11a382=\"\"><\/div>\n<\/div>\n<\/div>\n<\/div>\n<\/footer>\n","protected":false},"excerpt":{"rendered":"<p>M\u00f5\u00f5tmed: \u00d812 cm Involveri ketaspuhastus tagab h\u00e4mmastava tulemuse vaid m\u00f5ne liigutusega. T\u00e4nu oma paindlikkusele eemaldab ketas \u00fcliraske mustuse isegi raskesti ligip\u00e4\u00e4setavatest kohtadest. Seda ei soovitata kasutada \u00f5rnade ja l\u00e4ikivate pindade puhul. See sobib m\u00e4rgpuhastuseks. \u00dcmmargune paindlik Involveri ketas on kasulik vahend, millega saab puhastada ka raskesti ligip\u00e4\u00e4setavaid kohti k\u00f6\u00f6gis ja vannitoas. Seda ei soovitata kasutada &hellip; <a href=\"https:\/\/greenway.ee\/et\/toode\/ultra-inverter-ketas\/\" class=\"more-link\">Continue reading <span class=\"screen-reader-text\">Green Fiber HOME S2 Involver, hall<\/span><\/a><\/p>\n","protected":false},"featured_media":8105,"template":"","meta":[],"product_brand":[],"product_cat":[181,189],"product_tag":[],"class_list":{"0":"post-6938","1":"product","2":"type-product","3":"status-publish","4":"has-post-thumbnail","6":"product_cat-majapidamine","7":"product_cat-tekstiil","9":"first","10":"instock","11":"taxable","12":"shipping-taxable","13":"purchasable","14":"product-type-simple"},"_links":{"self":[{"href":"https:\/\/greenway.ee\/et\/wp-json\/wp\/v2\/product\/6938","targetHints":{"allow":["GET"]}}],"collection":[{"href":"https:\/\/greenway.ee\/et\/wp-json\/wp\/v2\/product"}],"about":[{"href":"https:\/\/greenway.ee\/et\/wp-json\/wp\/v2\/types\/product"}],"wp:featuredmedia":[{"embeddable":true,"href":"https:\/\/greenway.ee\/et\/wp-json\/wp\/v2\/media\/8105"}],"wp:attachment":[{"href":"https:\/\/greenway.ee\/et\/wp-json\/wp\/v2\/media?parent=6938"}],"wp:term":[{"taxonomy":"product_brand","embeddable":true,"href":"https:\/\/greenway.ee\/et\/wp-json\/wp\/v2\/product_brand?post=6938"},{"taxonomy":"product_cat","embeddable":true,"href":"https:\/\/greenway.ee\/et\/wp-json\/wp\/v2\/product_cat?post=6938"},{"taxonomy":"product_tag","embeddable":true,"href":"https:\/\/greenway.ee\/et\/wp-json\/wp\/v2\/product_tag?post=6938"}],"curies":[{"name":"wp","href":"https:\/\/api.w.org\/{rel}","templated":true}]}}