{"id":6939,"date":"2021-07-09T09:02:37","date_gmt":"2021-08-24T12:57:25","guid":{"rendered":"https:\/\/greenway.ee\/product\/splitter-koogi-kasn\/"},"modified":"2023-09-26T09:19:14","modified_gmt":"2023-09-26T09:19:14","slug":"splitter-kook-kasn","status":"publish","type":"product","link":"https:\/\/greenway.ee\/et\/toode\/splitter-kook-kasn\/","title":{"rendered":"Green Fiber HOME S6 Splitter k\u00e4sn kahepoolne h\u00f5\u00f5rumiseks ja imemiseks, hall"},"content":{"rendered":"<p>M\u00f5\u00f5tmed: 22 \u0445 17,5 cm<\/p>\n<p>M\u00f5nikord on vaja teha palju rohkem kui \u00fcldpuhastust. Kui plekid ja rasv rikuvad teie tuju, tuleb m\u00e4ngu Splitter k\u00e4sn. Kahepoolne k\u00e4sn lahendab mitu probleemi korraga: k\u00e4sna h\u00f5\u00f5ruv pool eemaldab vaevata kangekaelse mustuse, samal ajal kui pehme pool imab mustuse, tolmu ja liigse niiskuse. See tegeleb kiiresti rasva, katlakivi ja j\u00e4\u00e4kidega ning annab igale pinnale l\u00e4ike, ilma seda kahjustamata. K\u00e4sn sobib m\u00e4rgpuhastuseks. Splitter k\u00e4sn on v\u00e4rske l\u00e4henemine kodu puhastamisele!<\/p>\n<p>Splitteri k\u00e4sn imab suurep\u00e4raselt niiskust ja hoiab selle koos mustusega sees. See on kasulik pliidi, ahjude, keraamiliste pritsmete, kapuutside ja mikrolaineahjude puhastamiseks. Kasutage k\u00e4sna h\u00f5\u00f5ruvat k\u00fclge kangekaelse mustuse eemaldamiseks ja pehmet k\u00fclge pindade ettevaatlikuks poleerimiseks. H\u00f5rkude pindade puhul ei ole soovitatav kasutada k\u00fc\u00fcrimispoolt.<\/p>\n<p>Pehme veluurne pool on valmistatud \u00fcli\u00f5hukesest t\u00fckeldatud mikrokiust, samas kui k\u00f5va pool on loodud pehmele alusele h\u00f5\u00f5rdekanga tera &#8211; Splitter fiber &#8211; kinnitamisel. See muudab k\u00e4sna t\u00f5eliseks spetsialistiks kangekaelsete plekkide eemaldamisel.<\/p>\n<p>Keskenduge kolmele peamisele omadusele 10-pallisel skaalal, kus 10 on k\u00f5rgeim.<\/p>\n<p>Absorbentsus &#8211; 5<br \/>\nPoleerimine &#8211; 3<br \/>\nPesemine &#8211; 9<\/p>\n<p>Jaapani tehnoloogia abil v\u00e4lja t\u00f6\u00f6tatud UpPoly kiudu, mille puhul kasutatakse ainulaadset v\u00f5rku, kasutatakse Green Fiber&#8217;i tootmiseks. Sadadeks mikrofilamentideks jagunenud m\u00e4rg kiud tekitab kapillaarefekti. Nagu v\u00f5imas tolmuimeja, imeb see koos mustusega ka palju niiskust. Kiud toimib kui magnet, mis t\u00f5mbab ja hoiab kinni tolmu. Tee puhastamine keskkonnas\u00f5bralikuks ja mugavaks Green Fiberiga!<\/p>\n<p>Green Fiber HOME kiud on:<\/p>\n<ul>\n<li>Keskkonnas\u00f5bralik ja ohutu. Ei ole vaja kasutada t\u00e4iendavaid puhastusvahendeid;<\/li>\n<li>K\u00f5rgtehnoloogia. Nende aluseks on Jaapani tehnoloogia abil v\u00e4lja t\u00f6\u00f6tatud UpPoly kiud, millel on ainulaadne v\u00f5rk;<\/li>\n<li>Vastupidav. Need on kulumiskindlad ja n\u00e4evad kaua hea v\u00e4lja. Eluaeg on 2 aastat;<\/li>\n<li>\u00d6konoomne. Nad s\u00e4\u00e4stavad teie raha, aega ja energiat;<\/li>\n<li>Mitmeotstarbeline. Kasutage mitmesuguseid tooteid erinevatel eesm\u00e4rkidel. Populaarsed tooted on saadaval mitmes v\u00e4rvitoonis korraga.<\/li>\n<\/ul>\n","protected":false},"excerpt":{"rendered":"<p>M\u00f5\u00f5tmed: 22 \u0445 17,5 cm M\u00f5nikord on vaja teha palju rohkem kui \u00fcldpuhastust. Kui plekid ja rasv rikuvad teie tuju, tuleb m\u00e4ngu Splitter k\u00e4sn. Kahepoolne k\u00e4sn lahendab mitu probleemi korraga: k\u00e4sna h\u00f5\u00f5ruv pool eemaldab vaevata kangekaelse mustuse, samal ajal kui pehme pool imab mustuse, tolmu ja liigse niiskuse. See tegeleb kiiresti rasva, katlakivi ja j\u00e4\u00e4kidega &hellip; <a href=\"https:\/\/greenway.ee\/et\/toode\/splitter-kook-kasn\/\" class=\"more-link\">Continue reading <span class=\"screen-reader-text\">Green Fiber HOME S6 Splitter k\u00e4sn kahepoolne h\u00f5\u00f5rumiseks ja imemiseks, hall<\/span><\/a><\/p>\n","protected":false},"featured_media":8115,"template":"","meta":[],"product_brand":[],"product_cat":[181,189],"product_tag":[],"class_list":{"0":"post-6939","1":"product","2":"type-product","3":"status-publish","4":"has-post-thumbnail","6":"product_cat-majapidamine","7":"product_cat-tekstiil","9":"first","10":"instock","11":"taxable","12":"shipping-taxable","13":"purchasable","14":"product-type-simple"},"_links":{"self":[{"href":"https:\/\/greenway.ee\/et\/wp-json\/wp\/v2\/product\/6939","targetHints":{"allow":["GET"]}}],"collection":[{"href":"https:\/\/greenway.ee\/et\/wp-json\/wp\/v2\/product"}],"about":[{"href":"https:\/\/greenway.ee\/et\/wp-json\/wp\/v2\/types\/product"}],"wp:featuredmedia":[{"embeddable":true,"href":"https:\/\/greenway.ee\/et\/wp-json\/wp\/v2\/media\/8115"}],"wp:attachment":[{"href":"https:\/\/greenway.ee\/et\/wp-json\/wp\/v2\/media?parent=6939"}],"wp:term":[{"taxonomy":"product_brand","embeddable":true,"href":"https:\/\/greenway.ee\/et\/wp-json\/wp\/v2\/product_brand?post=6939"},{"taxonomy":"product_cat","embeddable":true,"href":"https:\/\/greenway.ee\/et\/wp-json\/wp\/v2\/product_cat?post=6939"},{"taxonomy":"product_tag","embeddable":true,"href":"https:\/\/greenway.ee\/et\/wp-json\/wp\/v2\/product_tag?post=6939"}],"curies":[{"name":"wp","href":"https:\/\/api.w.org\/{rel}","templated":true}]}}