{"id":6953,"date":"2021-07-08T14:02:09","date_gmt":"2021-08-24T12:58:52","guid":{"rendered":"https:\/\/greenway.ee\/product\/ujut-kindad-uldiseks-puhastamiseks\/"},"modified":"2023-09-26T10:19:47","modified_gmt":"2023-09-26T10:19:47","slug":"ujut-kindad-uldiseks-puhastamiseks","status":"publish","type":"product","link":"https:\/\/greenway.ee\/et\/toode\/ujut-kindad-uldiseks-puhastamiseks\/","title":{"rendered":"Green Fiber HOME A2 universaalne kinnas, bee\u017e"},"content":{"rendered":"<p>M\u00f5\u00f5tmed: 27&#215;20 cm<\/p>\n<p>Kuidas puhastada oma kodu puhtaks vaid m\u00f5ne minutiga? Lihtne! Ainulaadne k\u00f5rge kuhjaga \u00fcldpuhastusmantel eemaldab tolmu suurep\u00e4raselt igalt pinnalt. Lihtsalt kandke kinnas k\u00e4ele, p\u00fchkige saastunud piirkonda ja nautige t\u00e4iuslikku puhtust. See ei j\u00e4ta pinnale viltu ega kriimustusi. See sobib m\u00e4rg- ja kuivpuhastuseks.<\/p>\n<p>Tee oma kodu t\u00e4iesti puhtaks ilma suure vaevata v\u00f5i tilkagi kodukeemiaid kasutamata. T\u00e4nu oma k\u00f5rgele kuhjale on \u00fcldpuhastuseks m\u00f5eldud k\u00e4pik h\u00e4davajalik abivahend erinevate pindade tolmu ja mustuse eemaldamisel. Pehme froteepinnaga kinda abil on lihtne m\u00f6\u00f6blit, seadmeid ja kodumasinaid \u00f5rnalt puhastada, j\u00e4tmata kriimustusi, triipe ega viltu. Elastne mansett istub mugavalt \u00fcmber peopesa ja ei lase kindal maha libiseda.<\/p>\n<p>Keskenduge kolmele peamisele omadusele 10-pallisel skaalal, kus 10 on k\u00f5rgeim.<\/p>\n<p>Absorbentsus &#8211; 9<br \/>\nPoleerimine &#8211; 6<br \/>\nKoorimine &#8211; 5<\/p>\n<p>Jaapani tehnoloogia abil v\u00e4lja t\u00f6\u00f6tatud UpPoly kiudu, mille puhul kasutatakse ainulaadset v\u00f5rku, kasutatakse Green Fiber&#8217;i tootmiseks. Sadadeks mikrofilamentideks jagunenud m\u00e4rg kiud tekitab kapillaarefekti. Nagu v\u00f5imas tolmuimeja, imeb see koos mustusega ka palju niiskust. Kiud toimib kui magnet, mis t\u00f5mbab ja hoiab kinni tolmu. Tee puhastamine keskkonnas\u00f5bralikuks ja mugavaks Green Fiberiga!<\/p>\n<p>Green Fiber HOME kiud on:<\/p>\n<ul>\n<li>Keskkonnas\u00f5bralik ja ohutu. Ei ole vaja kasutada t\u00e4iendavaid puhastusvahendeid;<\/li>\n<li>K\u00f5rgtehnoloogia. Nende aluseks on Jaapani tehnoloogia abil v\u00e4lja t\u00f6\u00f6tatud UpPoly kiud, millel on ainulaadne v\u00f5rk;<\/li>\n<li>Vastupidav, kestab kuni 2 aastat majapidamises;<\/li>\n<li>\u00d6konoomne. Nad s\u00e4\u00e4stavad teie raha, aega ja energiat;<\/li>\n<li>Mitmeotstarbeline. Kasutage mitmesuguseid tooteid erinevatel eesm\u00e4rkidel. Populaarsed tooted on saadaval mitmes v\u00e4rvitoonis korraga.<\/li>\n<\/ul>\n","protected":false},"excerpt":{"rendered":"<p>M\u00f5\u00f5tmed: 27&#215;20 cm Kuidas puhastada oma kodu puhtaks vaid m\u00f5ne minutiga? Lihtne! Ainulaadne k\u00f5rge kuhjaga \u00fcldpuhastusmantel eemaldab tolmu suurep\u00e4raselt igalt pinnalt. Lihtsalt kandke kinnas k\u00e4ele, p\u00fchkige saastunud piirkonda ja nautige t\u00e4iuslikku puhtust. See ei j\u00e4ta pinnale viltu ega kriimustusi. See sobib m\u00e4rg- ja kuivpuhastuseks. Tee oma kodu t\u00e4iesti puhtaks ilma suure vaevata v\u00f5i tilkagi kodukeemiaid &hellip; <a href=\"https:\/\/greenway.ee\/et\/toode\/ujut-kindad-uldiseks-puhastamiseks\/\" class=\"more-link\">Continue reading <span class=\"screen-reader-text\">Green Fiber HOME A2 universaalne kinnas, bee\u017e<\/span><\/a><\/p>\n","protected":false},"featured_media":8180,"template":"","meta":[],"product_brand":[],"product_cat":[181,189],"product_tag":[],"class_list":{"0":"post-6953","1":"product","2":"type-product","3":"status-publish","4":"has-post-thumbnail","6":"product_cat-majapidamine","7":"product_cat-tekstiil","9":"first","10":"instock","11":"taxable","12":"shipping-taxable","13":"purchasable","14":"product-type-simple"},"_links":{"self":[{"href":"https:\/\/greenway.ee\/et\/wp-json\/wp\/v2\/product\/6953","targetHints":{"allow":["GET"]}}],"collection":[{"href":"https:\/\/greenway.ee\/et\/wp-json\/wp\/v2\/product"}],"about":[{"href":"https:\/\/greenway.ee\/et\/wp-json\/wp\/v2\/types\/product"}],"wp:featuredmedia":[{"embeddable":true,"href":"https:\/\/greenway.ee\/et\/wp-json\/wp\/v2\/media\/8180"}],"wp:attachment":[{"href":"https:\/\/greenway.ee\/et\/wp-json\/wp\/v2\/media?parent=6953"}],"wp:term":[{"taxonomy":"product_brand","embeddable":true,"href":"https:\/\/greenway.ee\/et\/wp-json\/wp\/v2\/product_brand?post=6953"},{"taxonomy":"product_cat","embeddable":true,"href":"https:\/\/greenway.ee\/et\/wp-json\/wp\/v2\/product_cat?post=6953"},{"taxonomy":"product_tag","embeddable":true,"href":"https:\/\/greenway.ee\/et\/wp-json\/wp\/v2\/product_tag?post=6953"}],"curies":[{"name":"wp","href":"https:\/\/api.w.org\/{rel}","templated":true}]}}