{"id":6957,"date":"2021-07-08T14:01:34","date_gmt":"2021-08-24T12:59:00","guid":{"rendered":"https:\/\/greenway.ee\/product\/ujut-orn-riie\/"},"modified":"2023-09-26T10:26:54","modified_gmt":"2023-09-26T10:26:54","slug":"ujut-orn-riie","status":"publish","type":"product","link":"https:\/\/greenway.ee\/et\/toode\/ujut-orn-riie\/","title":{"rendered":"Green Fiber HOME P2 Poleerimiskiud, roheline"},"content":{"rendered":"<p>M\u00f5\u00f5tmed: 40 x 30 cm<\/p>\n<p>Iga puhastus n\u00f5uab viimast lihvimist. Tee oma k\u00f6\u00f6gi pinnad selle poleerimiskiu abil l\u00e4ikivaks ja l\u00e4ikivaks. See teeb t\u00f6\u00f6d, puhastab ja poleerib k\u00f5ik l\u00e4ikivad, kroomitud ja metallist pinnad. See sobib ideaalselt \u00f5rnade pindade hooldamiseks, mis ei saa m\u00e4rjaks saada. See sobib keemiliseks puhastamiseks.<br \/>\nIga puhastamise l\u00f5petuseks on lihvimine. Varem olid selle eest vastutavad kodukeemiaid, kuid n\u00fc\u00fcd on see v\u00f5imalik selle ohutu ja keskkonnas\u00f5braliku kiu abil. Poleerimiskiud eemaldab kerge mustuse ja lisab l\u00e4iget klaas-, l\u00e4ikivale, kroom- ja metallpinnale. See ei j\u00e4ta plekke, viltu ega kriimustusi.<\/p>\n<p>Keskenduge kolmele peamisele omadusele 10-pallisel skaalal, kus 10 on k\u00f5rgeim.<\/p>\n<p>Absorbentsus &#8211; 2<br \/>\nPoleerimine &#8211; 9<br \/>\nKoorimine &#8211; 3<\/p>\n<p>Jaapani tehnoloogia abil v\u00e4lja t\u00f6\u00f6tatud UpPoly kiudu, mille puhul kasutatakse ainulaadset v\u00f5rku, kasutatakse Green Fiber&#8217;i tootmiseks. Sadadeks mikrofilamentideks jagunenud m\u00e4rg kiud tekitab kapillaarefekti. Nagu v\u00f5imas tolmuimeja, imeb see koos mustusega ka palju niiskust. Kiud toimib kui magnet, mis t\u00f5mbab ja hoiab kinni tolmu. Tee puhastamine keskkonnas\u00f5bralikuks ja mugavaks Green Fiberiga!<\/p>\n<p>Green Fiber HOME kiud on:<\/p>\n<ul>\n<li>Keskkonnas\u00f5bralik ja ohutu. Ei ole vaja kasutada t\u00e4iendavaid puhastusvahendeid;<\/li>\n<li>K\u00f5rgtehnoloogia. Nende aluseks on Jaapani tehnoloogia abil v\u00e4lja t\u00f6\u00f6tatud UpPoly kiud, millel on ainulaadne v\u00f5rk;<\/li>\n<li>Vastupidav, kestab kuni 2 aastat majapidamises;<\/li>\n<li>\u00d6konoomne. Nad s\u00e4\u00e4stavad teie raha, aega ja energiat;<\/li>\n<li>Mitmeotstarbeline. Kasutage mitmesuguseid tooteid erinevatel eesm\u00e4rkidel. Populaarsed tooted on saadaval mitmes v\u00e4rvitoonis korraga.<\/li>\n<\/ul>\n<p>Kasutage keemilise puhastuse jaoks. Ei ole vaja kasutada kodukeemiaid. \u00c4rge triikige. Mitte kuivatada radiaatoril.<\/p>\n","protected":false},"excerpt":{"rendered":"<p>M\u00f5\u00f5tmed: 40 x 30 cm Iga puhastus n\u00f5uab viimast lihvimist. Tee oma k\u00f6\u00f6gi pinnad selle poleerimiskiu abil l\u00e4ikivaks ja l\u00e4ikivaks. See teeb t\u00f6\u00f6d, puhastab ja poleerib k\u00f5ik l\u00e4ikivad, kroomitud ja metallist pinnad. See sobib ideaalselt \u00f5rnade pindade hooldamiseks, mis ei saa m\u00e4rjaks saada. See sobib keemiliseks puhastamiseks. Iga puhastamise l\u00f5petuseks on lihvimine. Varem olid selle &hellip; <a href=\"https:\/\/greenway.ee\/et\/toode\/ujut-orn-riie\/\" class=\"more-link\">Continue reading <span class=\"screen-reader-text\">Green Fiber HOME P2 Poleerimiskiud, roheline<\/span><\/a><\/p>\n","protected":false},"featured_media":8187,"template":"","meta":[],"product_brand":[],"product_cat":[181,189],"product_tag":[],"class_list":{"0":"post-6957","1":"product","2":"type-product","3":"status-publish","4":"has-post-thumbnail","6":"product_cat-majapidamine","7":"product_cat-tekstiil","9":"first","10":"instock","11":"taxable","12":"shipping-taxable","13":"purchasable","14":"product-type-simple"},"_links":{"self":[{"href":"https:\/\/greenway.ee\/et\/wp-json\/wp\/v2\/product\/6957","targetHints":{"allow":["GET"]}}],"collection":[{"href":"https:\/\/greenway.ee\/et\/wp-json\/wp\/v2\/product"}],"about":[{"href":"https:\/\/greenway.ee\/et\/wp-json\/wp\/v2\/types\/product"}],"wp:featuredmedia":[{"embeddable":true,"href":"https:\/\/greenway.ee\/et\/wp-json\/wp\/v2\/media\/8187"}],"wp:attachment":[{"href":"https:\/\/greenway.ee\/et\/wp-json\/wp\/v2\/media?parent=6957"}],"wp:term":[{"taxonomy":"product_brand","embeddable":true,"href":"https:\/\/greenway.ee\/et\/wp-json\/wp\/v2\/product_brand?post=6957"},{"taxonomy":"product_cat","embeddable":true,"href":"https:\/\/greenway.ee\/et\/wp-json\/wp\/v2\/product_cat?post=6957"},{"taxonomy":"product_tag","embeddable":true,"href":"https:\/\/greenway.ee\/et\/wp-json\/wp\/v2\/product_tag?post=6957"}],"curies":[{"name":"wp","href":"https:\/\/api.w.org\/{rel}","templated":true}]}}