{"id":6961,"date":"2021-07-08T14:00:22","date_gmt":"2021-08-24T13:06:34","guid":{"rendered":"https:\/\/greenway.ee\/product\/laska-meigieemaldaja-kasn\/"},"modified":"2023-09-26T11:49:39","modified_gmt":"2023-09-26T11:49:39","slug":"laska-meigieemaldaja-kasn","status":"publish","type":"product","link":"https:\/\/greenway.ee\/et\/toode\/laska-meigieemaldaja-kasn\/","title":{"rendered":"CARE 4 meigieemaldaja"},"content":{"rendered":"<p>M\u00f5\u00f5tmed: 10 \u0445 6 cm<\/p>\n<p>Unustage vatipadjad ja arvukad puhastusvahendid. Meigieemalduslapp puhastab teie naha hoolikalt, ilma et see tekitaks \u00e4rritust, kuivust v\u00f5i pinguldust. T\u00e4nu spetsiaalsele kootud kudumile eemaldab k\u00e4sn edukalt meigij\u00e4\u00e4gid, sealhulgas ripsmetu\u0161\u0161i. T\u00e4nu oma funktsionaalsusele ja kompaktsele suurusele on k\u00e4sn ideaalne nahahooldustoode, mida saab kasutada \u00e4rireisidel ja reisidel.<\/p>\n<p>Teie nahk n\u00e4eb juba p\u00e4rast paari \u00f5rna liigutust v\u00e4rske ja l\u00e4ikiv v\u00e4lja. Meigieemalduslapp puhastab naha kergelt ja kergelt ning eemaldab t\u00f5husalt meigij\u00e4\u00e4gid, sealhulgas ripsmetu\u0161\u0161i. Spetsiaalne kootud kiudude kudumine v\u00f5imaldab puhastusprotsessil olla v\u00f5imalikult \u00f5rn ja kiire. Nautige toote funktsionaalsust ja mugavust nii kodus kui ka teel olles.<\/p>\n<p>CARE-seeria kiud on m\u00f5eldud n\u00e4o- ja kehanaha hooldamiseks. Need on meeldiva puudutusega ja sobivad k\u00f5ikidele nahat\u00fc\u00fcpidele, sealhulgas tundlikule nahale. Kiudained on ideaalsed naha puhastamiseks. Need ei n\u00f5ua lisakosmeetika kasutamist ning pakuvad masseerivat ja koorivat toimet.<\/p>\n<p>Green Fiber CARE kiud on:<\/p>\n<ul>\n<li>Keskkonnas\u00f5bralik ja ohutu. Ei ole vaja kasutada t\u00e4iendavaid puhastusvahendeid;<\/li>\n<li>K\u00f5rgtehnoloogia. Nende aluseks on Jaapani tehnoloogia abil v\u00e4lja t\u00f6\u00f6tatud UpPoly kiud, millel on ainulaadne v\u00f5rk;<\/li>\n<li>Vastupidav. Need on kulumiskindlad ja n\u00e4evad kaua hea v\u00e4lja. Eluaeg on kaks aastat;<\/li>\n<li>\u00d6konoomne. Nad s\u00e4\u00e4stavad teie raha, aega ja energiat;<\/li>\n<li>Mitmeotstarbeline. Kasutage mitmesuguseid tooteid erinevatel eesm\u00e4rkidel. Populaarsed tooted on saadaval mitmes v\u00e4rvitoonis korraga.<\/li>\n<\/ul>\n","protected":false},"excerpt":{"rendered":"<p>M\u00f5\u00f5tmed: 10 \u0445 6 cm Unustage vatipadjad ja arvukad puhastusvahendid. Meigieemalduslapp puhastab teie naha hoolikalt, ilma et see tekitaks \u00e4rritust, kuivust v\u00f5i pinguldust. T\u00e4nu spetsiaalsele kootud kudumile eemaldab k\u00e4sn edukalt meigij\u00e4\u00e4gid, sealhulgas ripsmetu\u0161\u0161i. T\u00e4nu oma funktsionaalsusele ja kompaktsele suurusele on k\u00e4sn ideaalne nahahooldustoode, mida saab kasutada \u00e4rireisidel ja reisidel. Teie nahk n\u00e4eb juba p\u00e4rast paari &hellip; <a href=\"https:\/\/greenway.ee\/et\/toode\/laska-meigieemaldaja-kasn\/\" class=\"more-link\">Continue reading <span class=\"screen-reader-text\">CARE 4 meigieemaldaja<\/span><\/a><\/p>\n","protected":false},"featured_media":8259,"template":"","meta":[],"product_brand":[],"product_cat":[163,161],"product_tag":[],"class_list":{"0":"post-6961","1":"product","2":"type-product","3":"status-publish","4":"has-post-thumbnail","6":"product_cat-hoolduskosmeetika","7":"product_cat-ilu-ja-hooldus","9":"first","10":"instock","11":"taxable","12":"shipping-taxable","13":"purchasable","14":"product-type-simple"},"_links":{"self":[{"href":"https:\/\/greenway.ee\/et\/wp-json\/wp\/v2\/product\/6961","targetHints":{"allow":["GET"]}}],"collection":[{"href":"https:\/\/greenway.ee\/et\/wp-json\/wp\/v2\/product"}],"about":[{"href":"https:\/\/greenway.ee\/et\/wp-json\/wp\/v2\/types\/product"}],"wp:featuredmedia":[{"embeddable":true,"href":"https:\/\/greenway.ee\/et\/wp-json\/wp\/v2\/media\/8259"}],"wp:attachment":[{"href":"https:\/\/greenway.ee\/et\/wp-json\/wp\/v2\/media?parent=6961"}],"wp:term":[{"taxonomy":"product_brand","embeddable":true,"href":"https:\/\/greenway.ee\/et\/wp-json\/wp\/v2\/product_brand?post=6961"},{"taxonomy":"product_cat","embeddable":true,"href":"https:\/\/greenway.ee\/et\/wp-json\/wp\/v2\/product_cat?post=6961"},{"taxonomy":"product_tag","embeddable":true,"href":"https:\/\/greenway.ee\/et\/wp-json\/wp\/v2\/product_tag?post=6961"}],"curies":[{"name":"wp","href":"https:\/\/api.w.org\/{rel}","templated":true}]}}