{"id":6974,"date":"2021-07-08T13:56:08","date_gmt":"2021-08-24T13:26:40","guid":{"rendered":"https:\/\/greenway.ee\/product\/ultra-involveri-kinnas\/"},"modified":"2023-09-26T11:09:08","modified_gmt":"2023-09-26T11:09:08","slug":"ultra-inverter-kindad","status":"publish","type":"product","link":"https:\/\/greenway.ee\/et\/toode\/ultra-inverter-kindad\/","title":{"rendered":"Green Fiber HOME S10 Involver kinnas, roheline"},"content":{"rendered":"<p>M\u00f5\u00f5tmed: 23 x 21 cm<\/p>\n<p>T\u00e4nu \u00fcli\u00f5hukestele harjastele suudab kinda suurep\u00e4raselt puhastada tugevalt saastunud pindu. T\u00e4nu ergonoomilisele disainile on seda mugav kasutada. Seda ei soovitata kanda \u00f5rnadele pindadele. See sobib m\u00e4rgpuhastuseks.<\/p>\n<p>Kas te kavatsete teha majas s\u00fcvapuhastust? Involver labakinnas aitab puhastada kangekaelseid rasvaseid mustusi. T\u00e4nu tihedale kangastriibule istub kinda mugavalt k\u00e4ele ja eemaldab mustuse t\u00f5husalt.<\/p>\n<p>T\u00e4helepanu! Palun \u00e4rge kasutage l\u00e4ikivatel, lakitud ja \u00f5rnadel pindadel ega roostevabast terasest valmistatud osadel ja toodetel.<\/p>\n<p>Keskenduge kolmele peamisele omadusele 10-pallisel skaalal, kus 10 on k\u00f5rgeim.<\/p>\n<p>Absorbentsus &#8211; 2<br \/>\nPoleerimine &#8211; 1<br \/>\nPesemine &#8211; 9<\/p>\n<p>Jaapani tehnoloogia abil v\u00e4lja t\u00f6\u00f6tatud UpPoly kiudu, mille puhul kasutatakse ainulaadset v\u00f5rku, kasutatakse Green Fiber&#8217;i tootmiseks. Sadadeks mikrofilamentideks jagunenud m\u00e4rg kiud tekitab kapillaarefekti. Nagu v\u00f5imas tolmuimeja, imeb see koos mustusega ka palju niiskust. Kiud toimib kui magnet, mis t\u00f5mbab ja hoiab kinni tolmu. Tee puhastamine keskkonnas\u00f5bralikuks ja mugavaks Green Fiberiga!<\/p>\n<p>Green Fiber HOME kiud on:<\/p>\n<ul>\n<li>Keskkonnas\u00f5bralik ja ohutu. Ei ole vaja kasutada t\u00e4iendavaid puhastusvahendeid;<\/li>\n<li>K\u00f5rgtehnoloogia. Nende aluseks on Jaapani tehnoloogia abil v\u00e4lja t\u00f6\u00f6tatud UpPoly kiud, millel on ainulaadne v\u00f5rk;<\/li>\n<li>Vastupidav, kestab kuni 2 aastat majapidamises;<\/li>\n<li>\u00d6konoomne. Nad s\u00e4\u00e4stavad teie raha, aega ja energiat;<\/li>\n<li>Mitmeotstarbeline. Kasutage mitmesuguseid tooteid erinevatel eesm\u00e4rkidel. Populaarsed tooted on saadaval mitmes v\u00e4rvitoonis korraga.<\/li>\n<\/ul>\n<p>Kasutage m\u00e4rjaks puhastamiseks. Enne kasutamist niisutage ja pigistage v\u00e4lja. \u00c4rge triikige. Mitte kuivatada radiaatoril.<\/p>\n","protected":false},"excerpt":{"rendered":"<p>M\u00f5\u00f5tmed: 23 x 21 cm T\u00e4nu \u00fcli\u00f5hukestele harjastele suudab kinda suurep\u00e4raselt puhastada tugevalt saastunud pindu. T\u00e4nu ergonoomilisele disainile on seda mugav kasutada. Seda ei soovitata kanda \u00f5rnadele pindadele. See sobib m\u00e4rgpuhastuseks. Kas te kavatsete teha majas s\u00fcvapuhastust? Involver labakinnas aitab puhastada kangekaelseid rasvaseid mustusi. T\u00e4nu tihedale kangastriibule istub kinda mugavalt k\u00e4ele ja eemaldab mustuse t\u00f5husalt. &hellip; <a href=\"https:\/\/greenway.ee\/et\/toode\/ultra-inverter-kindad\/\" class=\"more-link\">Continue reading <span class=\"screen-reader-text\">Green Fiber HOME S10 Involver kinnas, roheline<\/span><\/a><\/p>\n","protected":false},"featured_media":8225,"template":"","meta":[],"product_brand":[],"product_cat":[181,189],"product_tag":[],"class_list":{"0":"post-6974","1":"product","2":"type-product","3":"status-publish","4":"has-post-thumbnail","6":"product_cat-majapidamine","7":"product_cat-tekstiil","9":"first","10":"instock","11":"taxable","12":"shipping-taxable","13":"purchasable","14":"product-type-simple"},"_links":{"self":[{"href":"https:\/\/greenway.ee\/et\/wp-json\/wp\/v2\/product\/6974","targetHints":{"allow":["GET"]}}],"collection":[{"href":"https:\/\/greenway.ee\/et\/wp-json\/wp\/v2\/product"}],"about":[{"href":"https:\/\/greenway.ee\/et\/wp-json\/wp\/v2\/types\/product"}],"wp:featuredmedia":[{"embeddable":true,"href":"https:\/\/greenway.ee\/et\/wp-json\/wp\/v2\/media\/8225"}],"wp:attachment":[{"href":"https:\/\/greenway.ee\/et\/wp-json\/wp\/v2\/media?parent=6974"}],"wp:term":[{"taxonomy":"product_brand","embeddable":true,"href":"https:\/\/greenway.ee\/et\/wp-json\/wp\/v2\/product_brand?post=6974"},{"taxonomy":"product_cat","embeddable":true,"href":"https:\/\/greenway.ee\/et\/wp-json\/wp\/v2\/product_cat?post=6974"},{"taxonomy":"product_tag","embeddable":true,"href":"https:\/\/greenway.ee\/et\/wp-json\/wp\/v2\/product_tag?post=6974"}],"curies":[{"name":"wp","href":"https:\/\/api.w.org\/{rel}","templated":true}]}}