{"id":6979,"date":"2021-07-08T13:55:08","date_gmt":"2021-08-24T13:26:54","guid":{"rendered":"https:\/\/greenway.ee\/product\/absoluutne-juhtmega-lapp-kooki\/"},"modified":"2023-09-26T10:50:30","modified_gmt":"2023-09-26T10:50:30","slug":"absoluutne-juhtmega-lapp-koogi-jaoks","status":"publish","type":"product","link":"https:\/\/greenway.ee\/et\/toode\/absoluutne-juhtmega-lapp-koogi-jaoks\/","title":{"rendered":"Green Fiber HOME S3 Ribitud kiud, hall"},"content":{"rendered":"<p>M\u00f5\u00f5tmed: 30 \u0445 30 cm<\/p>\n<p>Miski sinu kodus ei ole r\u00e4pane, kui kiud on ribadeks! See eemaldab h\u00f5lpsasti isegi k\u00f5ige kangekaelse mustuse. T\u00e4nu ainulaadsele kumerate ribidega kaetud kiudpinnale puhastab see \u00f5rnalt mustust, tolmu ja kleepuvat rasva, j\u00e4tmata pindadele kriimustusi. Sobib metallist ja kroomitud pindadele, samuti pliidi ja m\u00f6\u00f6bli \u00f5rnaks puhastamiseks. N\u00f6\u00f6rikiud on uus l\u00e4henemine kodu \u00fcldpuhastusele!<\/p>\n<p>Mis teeb kodu puhtaks? Korraline puhastus ja n\u00f6\u00f6rikiud! See eemaldab kergesti kangekaelse mustuse k\u00f6\u00f6gis, vannitoas ja teistes ruumides. T\u00e4nu soonikujuline struktuurile puhastab kiud h\u00f5lpsasti k\u00f5iki pindu, sealhulgas metalli ja kroomi. See imeb h\u00e4sti niiskust. See sobib m\u00e4rg- ja kuivpuhastuseks.<\/p>\n<p>Keskenduge kolmele peamisele omadusele 10-pallisel skaalal, kus 10 on k\u00f5rgeim.<\/p>\n<p>Absorbentsus &#8211; 3<br \/>\nPoleerimine &#8211; 2<br \/>\nKoorimine &#8211; 7<\/p>\n<p>Jaapani tehnoloogia abil v\u00e4lja t\u00f6\u00f6tatud UpPoly kiudu, mille puhul kasutatakse ainulaadset v\u00f5rku, kasutatakse Green Fiber&#8217;i tootmiseks. Sadadeks mikrofilamentideks jagunenud m\u00e4rg kiud tekitab kapillaarefekti. Nagu v\u00f5imas tolmuimeja, imeb see koos mustusega ka palju niiskust. Kiud toimib kui magnet, mis t\u00f5mbab ja hoiab kinni tolmu. Tee puhastamine keskkonnas\u00f5bralikuks ja mugavaks Green Fiberiga!<\/p>\n<p>Green Fiber HOME kiud on:<\/p>\n<ul>\n<li>Keskkonnas\u00f5bralik ja ohutu. Ei ole vaja kasutada t\u00e4iendavaid puhastusvahendeid;<\/li>\n<li>K\u00f5rgtehnoloogia. Nende aluseks on Jaapani tehnoloogia abil v\u00e4lja t\u00f6\u00f6tatud UpPoly kiud, millel on ainulaadne v\u00f5rk;<\/li>\n<li>Vastupidav, kestab kuni 2 aastat majapidamises;<\/li>\n<li>\u00d6konoomne. Nad s\u00e4\u00e4stavad teie raha, aega ja energiat;<\/li>\n<li>Mitmeotstarbeline. Kasutage mitmesuguseid tooteid erinevatel eesm\u00e4rkidel. Populaarsed tooted on saadaval mitmes v\u00e4rvitoonis korraga.<\/li>\n<\/ul>\n<p>Kasutage m\u00e4rjaks puhastamiseks. Ei ole vaja kasutada kodukeemiaid. \u00c4rge triikige. Mitte kuivatada radiaatoril.<\/p>\n","protected":false},"excerpt":{"rendered":"<p>M\u00f5\u00f5tmed: 30 \u0445 30 cm Miski sinu kodus ei ole r\u00e4pane, kui kiud on ribadeks! See eemaldab h\u00f5lpsasti isegi k\u00f5ige kangekaelse mustuse. T\u00e4nu ainulaadsele kumerate ribidega kaetud kiudpinnale puhastab see \u00f5rnalt mustust, tolmu ja kleepuvat rasva, j\u00e4tmata pindadele kriimustusi. Sobib metallist ja kroomitud pindadele, samuti pliidi ja m\u00f6\u00f6bli \u00f5rnaks puhastamiseks. N\u00f6\u00f6rikiud on uus l\u00e4henemine kodu &hellip; <a href=\"https:\/\/greenway.ee\/et\/toode\/absoluutne-juhtmega-lapp-koogi-jaoks\/\" class=\"more-link\">Continue reading <span class=\"screen-reader-text\">Green Fiber HOME S3 Ribitud kiud, hall<\/span><\/a><\/p>\n","protected":false},"featured_media":8208,"template":"","meta":[],"product_brand":[],"product_cat":[181,189],"product_tag":[],"class_list":{"0":"post-6979","1":"product","2":"type-product","3":"status-publish","4":"has-post-thumbnail","6":"product_cat-majapidamine","7":"product_cat-tekstiil","9":"first","10":"instock","11":"taxable","12":"shipping-taxable","13":"purchasable","14":"product-type-simple"},"_links":{"self":[{"href":"https:\/\/greenway.ee\/et\/wp-json\/wp\/v2\/product\/6979","targetHints":{"allow":["GET"]}}],"collection":[{"href":"https:\/\/greenway.ee\/et\/wp-json\/wp\/v2\/product"}],"about":[{"href":"https:\/\/greenway.ee\/et\/wp-json\/wp\/v2\/types\/product"}],"wp:featuredmedia":[{"embeddable":true,"href":"https:\/\/greenway.ee\/et\/wp-json\/wp\/v2\/media\/8208"}],"wp:attachment":[{"href":"https:\/\/greenway.ee\/et\/wp-json\/wp\/v2\/media?parent=6979"}],"wp:term":[{"taxonomy":"product_brand","embeddable":true,"href":"https:\/\/greenway.ee\/et\/wp-json\/wp\/v2\/product_brand?post=6979"},{"taxonomy":"product_cat","embeddable":true,"href":"https:\/\/greenway.ee\/et\/wp-json\/wp\/v2\/product_cat?post=6979"},{"taxonomy":"product_tag","embeddable":true,"href":"https:\/\/greenway.ee\/et\/wp-json\/wp\/v2\/product_tag?post=6979"}],"curies":[{"name":"wp","href":"https:\/\/api.w.org\/{rel}","templated":true}]}}