{"id":6992,"date":"2021-07-08T13:50:13","date_gmt":"2021-08-24T13:34:56","guid":{"rendered":"https:\/\/greenway.ee\/product\/ujut-kangas-klaasnoude-jaoks\/"},"modified":"2023-09-26T11:33:12","modified_gmt":"2023-09-26T11:33:12","slug":"ujut-riie-klaasnoude-jaoks","status":"publish","type":"product","link":"https:\/\/greenway.ee\/et\/toode\/ujut-riie-klaasnoude-jaoks\/","title":{"rendered":"Green Fiber HOME P1 Klaasfiber, hall"},"content":{"rendered":"<p>M\u00f5\u00f5tmed: 40 \u0445 30 cm<\/p>\n<p>Fiiber l\u00e4heneb klaasist pika pesu uuel viisil. Tee see puhtaks, l\u00e4ikivaks ja l\u00e4ikivaks \u00fche p\u00fchkega! Kasutage kiudainet akende, peeglite ja l\u00e4ikivate pindade usaldusv\u00e4\u00e4rseks pesemiseks, mis ei j\u00e4ta viltu ega plekke. See v\u00f5imaldab k\u00f6\u00f6gi ja vannitoa m\u00f6\u00f6bli ja kroomitud torustike \u00f5rna lihvimist. Seda ei ole vaja kuivaks p\u00fchkida ega kodukeemiaid kasutada. Klaastoodete kiud on uus l\u00e4henemine \u00fcldisele kodupuhastusele!<\/p>\n<p>Kiud sobib klaasi, peeglite ja l\u00e4ikivate pindade puhastamiseks. See ei j\u00e4ta pinnale linte, plekke ega niiskust. Kiudained eemaldavad s\u00f5rmej\u00e4ljed vaid \u00fche p\u00fchkega ja poleerivad \u00f5rnalt iga pinna, sealhulgas kroomitud torustiku. Pehme mikrokiudpind puhastab kuivades \u00f5rnalt monitore ja kodumasinaid, ilma et see kriimustaks v\u00f5i kahjustaks. Kuna klaastarbeid ei ole vaja kuivaks p\u00fchkida, muutub puhastamine meeldivaks ja kiireks mugavuse loomise protsessiks.<\/p>\n<p>Keskenduge kolmele peamisele omadusele 10-pallisel skaalal, kus 10 on k\u00f5rgeim.<\/p>\n<p>Absorbentsus &#8211; 6<br \/>\nPoleerimine &#8211; 9<br \/>\nKoorimine &#8211; 5<\/p>\n<p>Jaapani tehnoloogia abil v\u00e4lja t\u00f6\u00f6tatud UpPoly kiudu, mille puhul kasutatakse ainulaadset v\u00f5rku, kasutatakse Green Fiber&#8217;i tootmiseks. Sadadeks mikrofilamentideks jagunenud m\u00e4rg kiud tekitab kapillaarefekti. Nagu v\u00f5imas tolmuimeja, imeb see koos mustusega ka palju niiskust. Kiud toimib kui magnet, mis t\u00f5mbab ja hoiab kinni tolmu. Tee puhastamine keskkonnas\u00f5bralikuks ja mugavaks Green Fiberiga!<\/p>\n<p>Keskkonnas\u00f5bralik ja ohutu. Ei ole vaja kasutada t\u00e4iendavaid puhastusvahendeid;<\/p>\n<ul>\n<li>Keskkonnas\u00f5bralik ja ohutu. Ei ole vaja kasutada t\u00e4iendavaid puhastusvahendeid;<\/li>\n<li>K\u00f5rgtehnoloogia. Nende aluseks on Jaapani tehnoloogia abil v\u00e4lja t\u00f6\u00f6tatud UpPoly kiud, millel on ainulaadne v\u00f5rk;<\/li>\n<li>Vastupidav, kestab kuni 2 aastat majapidamises;<\/li>\n<li>\u00d6konoomne. Nad s\u00e4\u00e4stavad teie raha, aega ja energiat;<\/li>\n<li>Mitmeotstarbeline. Kasutage mitmesuguseid tooteid erinevatel eesm\u00e4rkidel. Populaarsed tooted on saadaval mitmes v\u00e4rvitoonis korraga.<\/li>\n<\/ul>\n<p>Kasutage kuiv- ja m\u00e4rgpuhastuseks. Ei ole vaja kasutada kodukeemiaid. \u00c4rge triikige. Mitte kuivatada radiaatoril.<\/p>\n","protected":false},"excerpt":{"rendered":"<p>M\u00f5\u00f5tmed: 40 \u0445 30 cm Fiiber l\u00e4heneb klaasist pika pesu uuel viisil. Tee see puhtaks, l\u00e4ikivaks ja l\u00e4ikivaks \u00fche p\u00fchkega! Kasutage kiudainet akende, peeglite ja l\u00e4ikivate pindade usaldusv\u00e4\u00e4rseks pesemiseks, mis ei j\u00e4ta viltu ega plekke. See v\u00f5imaldab k\u00f6\u00f6gi ja vannitoa m\u00f6\u00f6bli ja kroomitud torustike \u00f5rna lihvimist. Seda ei ole vaja kuivaks p\u00fchkida ega kodukeemiaid kasutada. &hellip; <a href=\"https:\/\/greenway.ee\/et\/toode\/ujut-riie-klaasnoude-jaoks\/\" class=\"more-link\">Continue reading <span class=\"screen-reader-text\">Green Fiber HOME P1 Klaasfiber, hall<\/span><\/a><\/p>\n","protected":false},"featured_media":8242,"template":"","meta":[],"product_brand":[],"product_cat":[181,189],"product_tag":[],"class_list":{"0":"post-6992","1":"product","2":"type-product","3":"status-publish","4":"has-post-thumbnail","6":"product_cat-majapidamine","7":"product_cat-tekstiil","9":"first","10":"instock","11":"taxable","12":"shipping-taxable","13":"purchasable","14":"product-type-simple"},"_links":{"self":[{"href":"https:\/\/greenway.ee\/et\/wp-json\/wp\/v2\/product\/6992","targetHints":{"allow":["GET"]}}],"collection":[{"href":"https:\/\/greenway.ee\/et\/wp-json\/wp\/v2\/product"}],"about":[{"href":"https:\/\/greenway.ee\/et\/wp-json\/wp\/v2\/types\/product"}],"wp:featuredmedia":[{"embeddable":true,"href":"https:\/\/greenway.ee\/et\/wp-json\/wp\/v2\/media\/8242"}],"wp:attachment":[{"href":"https:\/\/greenway.ee\/et\/wp-json\/wp\/v2\/media?parent=6992"}],"wp:term":[{"taxonomy":"product_brand","embeddable":true,"href":"https:\/\/greenway.ee\/et\/wp-json\/wp\/v2\/product_brand?post=6992"},{"taxonomy":"product_cat","embeddable":true,"href":"https:\/\/greenway.ee\/et\/wp-json\/wp\/v2\/product_cat?post=6992"},{"taxonomy":"product_tag","embeddable":true,"href":"https:\/\/greenway.ee\/et\/wp-json\/wp\/v2\/product_tag?post=6992"}],"curies":[{"name":"wp","href":"https:\/\/api.w.org\/{rel}","templated":true}]}}