{"id":7009,"date":"2021-07-08T13:46:07","date_gmt":"2021-08-24T13:35:57","guid":{"rendered":"https:\/\/greenway.ee\/product\/laska-hambaharja-kasn-2-tk\/"},"modified":"2023-09-26T11:56:22","modified_gmt":"2023-09-26T11:56:22","slug":"laska-hambaharja-kasn-2-tk","status":"publish","type":"product","link":"https:\/\/greenway.ee\/et\/toode\/laska-hambaharja-kasn-2-tk\/","title":{"rendered":"CARE 2 Hammaste harjamise k\u00e4sn"},"content":{"rendered":"<p>M\u00f5\u00f5tmed: 7,5 x 3 cm<\/p>\n<p>Terve naeratus on teie parim aksessuaar. Kasutage mugavat hammaste k\u00e4sna, et v\u00e4ltida tarbetuid hambaarsti k\u00fclastusi. T\u00e4nu spetsiaalsele kootud kangale puhastab ja poleerib see teie hambaid \u00f5rnalt, masseerides kergelt igemeid. K\u00e4sna v\u00f5ib kasutada nii koos hambapastaga kui ka ilma.<\/p>\n<p>Kompaktne suurus muudab k\u00e4sna ideaalseks hambaraviks ja suu\u00f5\u00f5ne terviseks t\u00f6\u00f6reisidel ja teel olles.<\/p>\n<p>Naeratage sagedamini! Sinu naeratus saab t\u00e4iuslikuks hambapesu k\u00e4snaga! See puhastab ja poleerib hambad t\u00f5husalt ja hoolikalt. Ainulaadne mikrokiu tekstuur v\u00f5imaldab \u00f5rnalt masseerida igemeid ning tagab v\u00e4ga h\u00fcgieenilise keele- ja p\u00f5sepinna. Seda soovitatakse inimestele, kellel on tundlik email ja igemeprobleemid.<\/p>\n<p>Green Fiber CARE kiud on:<\/p>\n<ul>\n<li>Keskkonnas\u00f5bralik ja ohutu. Ei ole vaja kasutada t\u00e4iendavaid puhastusvahendeid;<\/li>\n<li>K\u00f5rgtehnoloogia. Nende aluseks on Jaapani tehnoloogia abil v\u00e4lja t\u00f6\u00f6tatud UpPoly kiud, millel on ainulaadne v\u00f5rk;<\/li>\n<li>Vastupidav. Need on kulumiskindlad ja n\u00e4evad kaua hea v\u00e4lja. Eluaeg on kaks aastat;<\/li>\n<li>\u00d6konoomne. Nad s\u00e4\u00e4stavad teie raha, aega ja energiat;<\/li>\n<li>Mitmeotstarbeline. Kasutage mitmesuguseid tooteid erinevatel eesm\u00e4rkidel. Populaarsed tooted on saadaval mitmes v\u00e4rvitoonis korraga.<\/li>\n<\/ul>\n","protected":false},"excerpt":{"rendered":"<p>M\u00f5\u00f5tmed: 7,5 x 3 cm Terve naeratus on teie parim aksessuaar. Kasutage mugavat hammaste k\u00e4sna, et v\u00e4ltida tarbetuid hambaarsti k\u00fclastusi. T\u00e4nu spetsiaalsele kootud kangale puhastab ja poleerib see teie hambaid \u00f5rnalt, masseerides kergelt igemeid. K\u00e4sna v\u00f5ib kasutada nii koos hambapastaga kui ka ilma. Kompaktne suurus muudab k\u00e4sna ideaalseks hambaraviks ja suu\u00f5\u00f5ne terviseks t\u00f6\u00f6reisidel ja teel &hellip; <a href=\"https:\/\/greenway.ee\/et\/toode\/laska-hambaharja-kasn-2-tk\/\" class=\"more-link\">Continue reading <span class=\"screen-reader-text\">CARE 2 Hammaste harjamise k\u00e4sn<\/span><\/a><\/p>\n","protected":false},"featured_media":8263,"template":"","meta":[],"product_brand":[],"product_cat":[163,161],"product_tag":[],"class_list":{"0":"post-7009","1":"product","2":"type-product","3":"status-publish","4":"has-post-thumbnail","6":"product_cat-hoolduskosmeetika","7":"product_cat-ilu-ja-hooldus","9":"first","10":"instock","11":"taxable","12":"shipping-taxable","13":"purchasable","14":"product-type-simple"},"_links":{"self":[{"href":"https:\/\/greenway.ee\/et\/wp-json\/wp\/v2\/product\/7009","targetHints":{"allow":["GET"]}}],"collection":[{"href":"https:\/\/greenway.ee\/et\/wp-json\/wp\/v2\/product"}],"about":[{"href":"https:\/\/greenway.ee\/et\/wp-json\/wp\/v2\/types\/product"}],"wp:featuredmedia":[{"embeddable":true,"href":"https:\/\/greenway.ee\/et\/wp-json\/wp\/v2\/media\/8263"}],"wp:attachment":[{"href":"https:\/\/greenway.ee\/et\/wp-json\/wp\/v2\/media?parent=7009"}],"wp:term":[{"taxonomy":"product_brand","embeddable":true,"href":"https:\/\/greenway.ee\/et\/wp-json\/wp\/v2\/product_brand?post=7009"},{"taxonomy":"product_cat","embeddable":true,"href":"https:\/\/greenway.ee\/et\/wp-json\/wp\/v2\/product_cat?post=7009"},{"taxonomy":"product_tag","embeddable":true,"href":"https:\/\/greenway.ee\/et\/wp-json\/wp\/v2\/product_tag?post=7009"}],"curies":[{"name":"wp","href":"https:\/\/api.w.org\/{rel}","templated":true}]}}