{"id":7013,"date":"2021-07-08T13:45:11","date_gmt":"2021-08-24T13:36:07","guid":{"rendered":"https:\/\/greenway.ee\/product\/nega-kehapesu-labakindad\/"},"modified":"2023-09-26T12:02:27","modified_gmt":"2023-09-26T12:02:27","slug":"nega-body-wash-mitt","status":"publish","type":"product","link":"https:\/\/greenway.ee\/et\/toode\/nega-body-wash-mitt\/","title":{"rendered":"CARE 5 k\u00fc\u00fcrimiskinnas du\u0161i jaoks, hall"},"content":{"rendered":"<p>See on nahahooldus, puhas ja lihtne! Koorimiskinnas muudab du\u0161i all k\u00e4imise viisi ja muudab selle m\u00f5nusaks spaa-rituaaliks. K\u00e4sna on kahepoolne: tekstuurne pool koorib t\u00f5husalt surnud naharakud, samas kui pehme pool puhastab nahka. T\u00e4nu spetsiaalsele kiustruktuurile pakub kinda kerget massaa\u017ei, mis parandab oluliselt vereringet ja soodustab naha taastumist.<\/p>\n<p>Puhas ja terve nahk on parim viis enesearmastuse n\u00e4itamiseks. Peenestuskinnas on kahepoolne: pehme pool puhastab nahka \u00f5rnalt, samas kui tekstuurne pool koorib surnud naharakud, parandab vereringet ja k\u00fcllastab naharakud hapnikuga. T\u00e4nu kerge s\u00f5numi efektile on teie nahk sile ja toonuses.<\/p>\n<p>CARE-seeria kiud on m\u00f5eldud n\u00e4o- ja kehanaha hooldamiseks. Need on meeldiva puudutusega ja sobivad k\u00f5ikidele nahat\u00fc\u00fcpidele, sealhulgas tundlikule nahale. Kiudained on ideaalsed naha puhastamiseks. Need ei n\u00f5ua lisakosmeetika kasutamist ning pakuvad masseerivat ja koorivat toimet.<\/p>\n<p>Green Fiber CARE kiud on:<\/p>\n<ul>\n<li>Keskkonnas\u00f5bralik ja ohutu. Ei ole vaja kasutada t\u00e4iendavaid puhastusvahendeid;<\/li>\n<li>K\u00f5rgtehnoloogia. Nende aluseks on Jaapani tehnoloogia abil v\u00e4lja t\u00f6\u00f6tatud UpPoly kiud, millel on ainulaadne v\u00f5rk;<\/li>\n<li>Vastupidav. Need on kulumiskindlad ja n\u00e4evad kaua hea v\u00e4lja. Eluaeg on kaks aastat;<\/li>\n<li>\u00d6konoomne. Nad s\u00e4\u00e4stavad teie raha, aega ja energiat;<\/li>\n<li>Mitmeotstarbeline. Kasutage mitmesuguseid tooteid erinevatel eesm\u00e4rkidel. Populaarsed tooted on saadaval mitmes v\u00e4rvitoonis korraga.<\/li>\n<\/ul>\n","protected":false},"excerpt":{"rendered":"<p>See on nahahooldus, puhas ja lihtne! Koorimiskinnas muudab du\u0161i all k\u00e4imise viisi ja muudab selle m\u00f5nusaks spaa-rituaaliks. K\u00e4sna on kahepoolne: tekstuurne pool koorib t\u00f5husalt surnud naharakud, samas kui pehme pool puhastab nahka. T\u00e4nu spetsiaalsele kiustruktuurile pakub kinda kerget massaa\u017ei, mis parandab oluliselt vereringet ja soodustab naha taastumist. Puhas ja terve nahk on parim viis enesearmastuse &hellip; <a href=\"https:\/\/greenway.ee\/et\/toode\/nega-body-wash-mitt\/\" class=\"more-link\">Continue reading <span class=\"screen-reader-text\">CARE 5 k\u00fc\u00fcrimiskinnas du\u0161i jaoks, hall<\/span><\/a><\/p>\n","protected":false},"featured_media":8267,"template":"","meta":[],"product_brand":[],"product_cat":[161],"product_tag":[],"class_list":{"0":"post-7013","1":"product","2":"type-product","3":"status-publish","4":"has-post-thumbnail","6":"product_cat-ilu-ja-hooldus","8":"first","9":"instock","10":"taxable","11":"shipping-taxable","12":"purchasable","13":"product-type-simple"},"_links":{"self":[{"href":"https:\/\/greenway.ee\/et\/wp-json\/wp\/v2\/product\/7013","targetHints":{"allow":["GET"]}}],"collection":[{"href":"https:\/\/greenway.ee\/et\/wp-json\/wp\/v2\/product"}],"about":[{"href":"https:\/\/greenway.ee\/et\/wp-json\/wp\/v2\/types\/product"}],"wp:featuredmedia":[{"embeddable":true,"href":"https:\/\/greenway.ee\/et\/wp-json\/wp\/v2\/media\/8267"}],"wp:attachment":[{"href":"https:\/\/greenway.ee\/et\/wp-json\/wp\/v2\/media?parent=7013"}],"wp:term":[{"taxonomy":"product_brand","embeddable":true,"href":"https:\/\/greenway.ee\/et\/wp-json\/wp\/v2\/product_brand?post=7013"},{"taxonomy":"product_cat","embeddable":true,"href":"https:\/\/greenway.ee\/et\/wp-json\/wp\/v2\/product_cat?post=7013"},{"taxonomy":"product_tag","embeddable":true,"href":"https:\/\/greenway.ee\/et\/wp-json\/wp\/v2\/product_tag?post=7013"}],"curies":[{"name":"wp","href":"https:\/\/api.w.org\/{rel}","templated":true}]}}