{"id":7965,"date":"2023-08-29T07:42:36","date_gmt":"2023-08-29T07:42:36","guid":{"rendered":"https:\/\/greenway.ee\/?post_type=product&#038;p=7965"},"modified":"2025-05-14T07:19:57","modified_gmt":"2025-05-14T07:19:57","slug":"biotrim-eco-laundry-soap-mint","status":"publish","type":"product","link":"https:\/\/greenway.ee\/et\/toode\/biotrim-eco-laundry-soap-mint\/","title":{"rendered":"BioTrim Eco Laundry Soap MINT piparm\u00fcndi l\u00f5hnaga pesuseebi jaoks"},"content":{"rendered":"<p><strong>BioTrim Eco Laundry Soap on k\u00e4tepesuks m\u00f5eldud looduslikud tooted.<\/strong><\/p>\n<p>BioTrim Eco Laundry Soap on toodetud looduslikest taime\u00f5lidest valmistatud komponentide p\u00f5hjal. T\u00e4nu tasakaalustatud koostisele tuleb seep toime ka tugeva m\u00e4\u00e4rdumisega, isegi kui seda kasutatakse k\u00fclmas vees.<\/p>\n<p>BioTrim seep on ohutu k\u00e4te nahale, sest selle aluseks on palmi\u00f5li, mis niisutab ja kaitseb nahka.<\/p>\n<p><b>BioTrim pesuseebid on formuleeritud keskkonnas\u00f5bralikeks ja looduslikeks toodeteks.<\/b><\/p>\n<ul>\n<li>Ei sisalda titaandioksiidi, kunstlikke v\u00e4rvaineid ega l\u00f5hnaineid.<\/li>\n<li>Vabad fosfaatidest, parabeenidest, tseoliitidest.<\/li>\n<li>Sobib k\u00f5ikidele kangat\u00fc\u00fcpidele, sealhulgas \u00f5rnadele kangastele.<\/li>\n<li>Biolagunevad ja keskkonnas\u00f5bralikud koostisosad.<\/li>\n<\/ul>\n<p>BioTrim Eco Pesuseebi eelised:<\/p>\n<p>1. INIMESTE Hooldus v\u00f5i LISANDI FUNKTSIOON.<\/p>\n<p><em>Sisaldab koostisosi, millel on \u201ehooldavad\u201c omadused k\u00e4te nahale.<\/em><\/p>\n<p>2. NATURAALNE HOOLDUS.<\/p>\n<p><em>BioTrim pesuseep ei reosta vett, kuna k\u00f5ik koostisosad on t\u00e4iesti keskkonnas\u00f5bralikud.\u00a0<b>M\u00f5eldes meie laste olevikule ja tulevikule!<\/b><\/em><\/p>\n<p>3. EI SISALDA L\u00d5HNA- EGA V\u00c4RVAINEID.<\/p>\n<p><em>Ei j\u00e4ta p\u00e4rast pesemist kangastele ebameeldivat l\u00f5hna.<\/em><\/p>\n","protected":false},"excerpt":{"rendered":"<p>BioTrim Eco Laundry Soap on k\u00e4tepesuks m\u00f5eldud looduslikud tooted. BioTrim Eco Laundry Soap on toodetud looduslikest taime\u00f5lidest valmistatud komponentide p\u00f5hjal. T\u00e4nu tasakaalustatud koostisele tuleb seep toime ka tugeva m\u00e4\u00e4rdumisega, isegi kui seda kasutatakse k\u00fclmas vees. BioTrim seep on ohutu k\u00e4te nahale, sest selle aluseks on palmi\u00f5li, mis niisutab ja kaitseb nahka. BioTrim pesuseebid on formuleeritud &hellip; <a href=\"https:\/\/greenway.ee\/et\/toode\/biotrim-eco-laundry-soap-mint\/\" class=\"more-link\">Continue reading <span class=\"screen-reader-text\">BioTrim Eco Laundry Soap MINT piparm\u00fcndi l\u00f5hnaga pesuseebi jaoks<\/span><\/a><\/p>\n","protected":false},"featured_media":7970,"template":"","meta":[],"product_brand":[],"product_cat":[185],"product_tag":[],"class_list":{"0":"post-7965","1":"product","2":"type-product","3":"status-publish","4":"has-post-thumbnail","6":"product_cat-pesuvahendid","8":"first","9":"instock","10":"taxable","11":"shipping-taxable","12":"purchasable","13":"product-type-simple"},"_links":{"self":[{"href":"https:\/\/greenway.ee\/et\/wp-json\/wp\/v2\/product\/7965","targetHints":{"allow":["GET"]}}],"collection":[{"href":"https:\/\/greenway.ee\/et\/wp-json\/wp\/v2\/product"}],"about":[{"href":"https:\/\/greenway.ee\/et\/wp-json\/wp\/v2\/types\/product"}],"wp:featuredmedia":[{"embeddable":true,"href":"https:\/\/greenway.ee\/et\/wp-json\/wp\/v2\/media\/7970"}],"wp:attachment":[{"href":"https:\/\/greenway.ee\/et\/wp-json\/wp\/v2\/media?parent=7965"}],"wp:term":[{"taxonomy":"product_brand","embeddable":true,"href":"https:\/\/greenway.ee\/et\/wp-json\/wp\/v2\/product_brand?post=7965"},{"taxonomy":"product_cat","embeddable":true,"href":"https:\/\/greenway.ee\/et\/wp-json\/wp\/v2\/product_cat?post=7965"},{"taxonomy":"product_tag","embeddable":true,"href":"https:\/\/greenway.ee\/et\/wp-json\/wp\/v2\/product_tag?post=7965"}],"curies":[{"name":"wp","href":"https:\/\/api.w.org\/{rel}","templated":true}]}}