{"id":7982,"date":"2023-08-29T07:45:27","date_gmt":"2023-08-29T07:45:27","guid":{"rendered":"https:\/\/greenway.ee\/?post_type=product&#038;p=7982"},"modified":"2025-05-14T07:22:19","modified_gmt":"2025-05-14T07:22:19","slug":"biotrim-eco-laundry-soap-for-laundry-fragrance-free","status":"publish","type":"product","link":"https:\/\/greenway.ee\/et\/toode\/biotrim-eco-laundry-soap-for-laundry-fragrance-free\/","title":{"rendered":"BioTrim Eco Laundry Soap ZERO pesupesemiseks, l\u00f5hnavaba"},"content":{"rendered":"<p><strong>BioTrim Eco Laundry Soap on k\u00e4tepesuks m\u00f5eldud looduslikud tooted.<\/strong><\/p>\n<p>BioTrim Eco Laundry Soap on toodetud looduslikest taime\u00f5lidest valmistatud komponentide p\u00f5hjal. T\u00e4nu tasakaalustatud koostisele tuleb seep toime ka tugeva m\u00e4\u00e4rdumisega, isegi kui seda kasutatakse k\u00fclmas vees.<\/p>\n","protected":false},"excerpt":{"rendered":"<p>BioTrim Eco Laundry Soap on k\u00e4tepesuks m\u00f5eldud looduslikud tooted. BioTrim Eco Laundry Soap on toodetud looduslikest taime\u00f5lidest valmistatud komponentide p\u00f5hjal. T\u00e4nu tasakaalustatud koostisele tuleb seep toime ka tugeva m\u00e4\u00e4rdumisega, isegi kui seda kasutatakse k\u00fclmas vees.<\/p>\n","protected":false},"featured_media":7984,"template":"","meta":[],"product_brand":[],"product_cat":[185],"product_tag":[],"class_list":{"0":"post-7982","1":"product","2":"type-product","3":"status-publish","4":"has-post-thumbnail","6":"product_cat-pesuvahendid","8":"first","9":"instock","10":"taxable","11":"shipping-taxable","12":"purchasable","13":"product-type-simple"},"_links":{"self":[{"href":"https:\/\/greenway.ee\/et\/wp-json\/wp\/v2\/product\/7982","targetHints":{"allow":["GET"]}}],"collection":[{"href":"https:\/\/greenway.ee\/et\/wp-json\/wp\/v2\/product"}],"about":[{"href":"https:\/\/greenway.ee\/et\/wp-json\/wp\/v2\/types\/product"}],"wp:featuredmedia":[{"embeddable":true,"href":"https:\/\/greenway.ee\/et\/wp-json\/wp\/v2\/media\/7984"}],"wp:attachment":[{"href":"https:\/\/greenway.ee\/et\/wp-json\/wp\/v2\/media?parent=7982"}],"wp:term":[{"taxonomy":"product_brand","embeddable":true,"href":"https:\/\/greenway.ee\/et\/wp-json\/wp\/v2\/product_brand?post=7982"},{"taxonomy":"product_cat","embeddable":true,"href":"https:\/\/greenway.ee\/et\/wp-json\/wp\/v2\/product_cat?post=7982"},{"taxonomy":"product_tag","embeddable":true,"href":"https:\/\/greenway.ee\/et\/wp-json\/wp\/v2\/product_tag?post=7982"}],"curies":[{"name":"wp","href":"https:\/\/api.w.org\/{rel}","templated":true}]}}