{"id":8287,"date":"2023-09-26T12:14:17","date_gmt":"2023-09-26T12:15:02","guid":{"rendered":"https:\/\/greenway.ee\/product\/green-fiber-optima-kokkupandav-amber\/"},"modified":"2023-09-26T12:15:02","modified_gmt":"2023-09-26T12:15:02","slug":"roheline-optima-klapitav-amber","status":"publish","type":"product","link":"https:\/\/greenway.ee\/et\/toode\/roheline-optima-klapitav-amber\/","title":{"rendered":"Green Fiber OPTIMA kokkupandav \u00e4mber"},"content":{"rendered":"<p>Maht: 12 l<\/p>\n<p>ta Green Fiber OPTIMA kokkupandav \u00e4mber on mitmeotstarbeline lahendus kodu puhastamiseks.<\/p>\n<p>Avastage Green Fiber OPTIMA kogu potentsiaal!<\/p>\n<p>See \u00e4mber muutub oma funktsionaalsuse t\u00f5ttu asendamatuks abimeheks igas kodus. T\u00e4nu plastikust sisendile on see kompaktselt kokku volditav, v\u00e4hendades seda poole v\u00f5rra. Kokkuvoldituna n\u00f5uab \u00e4mber minimaalset hoiuruumi ja on alati k\u00e4ep\u00e4rast: kapis, riiulil, ukse taga.<\/p>\n<p>Kokkupandav \u00e4mber on suurep\u00e4rane ja mugav t\u00e4iendus Green Fiber&#8217;ile ja Moppidele mis tahes puhastusprotsessi ajal.<\/p>\n<p>M\u00f5\u00f5tmed:<\/p>\n<p>Kopp kokku pandud &#8211; 47,6 \u0445 27,4 \u0445 7,7 sm<\/p>\n<p>\u00c4mber kokku pandud &#8211; 47,6 \u0445 27,4 \u0445 18,3 sm<\/p>\n<p><strong>Toote kokkupaneku juhised:<\/strong><\/p>\n<ul>\n<li>Hoides \u00fche k\u00e4ega \u00e4mbri p\u00f5hja, t\u00f5mmake teise k\u00e4ega \u00e4mbri \u00fchte serva \u00fcles ja siis &#8211; teist. Kinnitage sisemised toed. \u00c4mber on kasutusvalmis.<\/li>\n<li>Voldige toed \u00e4mbri sisse. Vajutage oma k\u00e4ed selle vastask\u00fclgedele. \u00c4mber on valmis ladustamiseks.<\/li>\n<\/ul>\n<p><strong>S\u00e4ilivusaeg<\/strong> ei ole piiratud. Toote kasutusiga on 2 aastat, kui seda kasutatakse n\u00f5uetekohaselt.<\/p>\n<p><strong>Soovitused ladustamiseks ja kasutamiseks:<\/strong> \u00c4rge valage \u00e4mbrisse keeva vett, see v\u00f5ib kahjustada plasti.<\/p>\n<p>Soovitatav t\u00e4itevee kogus on kuni \u00e4mbri silikoonist sisendini, st umbes 7 liitrit. Et v\u00e4ltida vee roiskumist, hoidke \u00e4mbrit m\u00f5lemast k\u00e4epidemest keskel.<\/p>\n","protected":false},"excerpt":{"rendered":"<p>Maht: 12 l ta Green Fiber OPTIMA kokkupandav \u00e4mber on mitmeotstarbeline lahendus kodu puhastamiseks. Avastage Green Fiber OPTIMA kogu potentsiaal! See \u00e4mber muutub oma funktsionaalsuse t\u00f5ttu asendamatuks abimeheks igas kodus. T\u00e4nu plastikust sisendile on see kompaktselt kokku volditav, v\u00e4hendades seda poole v\u00f5rra. Kokkuvoldituna n\u00f5uab \u00e4mber minimaalset hoiuruumi ja on alati k\u00e4ep\u00e4rast: kapis, riiulil, ukse taga. &hellip; <a href=\"https:\/\/greenway.ee\/et\/toode\/roheline-optima-klapitav-amber\/\" class=\"more-link\">Continue reading <span class=\"screen-reader-text\">Green Fiber OPTIMA kokkupandav \u00e4mber<\/span><\/a><\/p>\n","protected":false},"featured_media":8279,"template":"","meta":[],"product_brand":[],"product_cat":[181],"product_tag":[],"class_list":{"0":"post-8287","1":"product","2":"type-product","3":"status-publish","4":"has-post-thumbnail","6":"product_cat-majapidamine","8":"first","9":"instock","10":"taxable","11":"shipping-taxable","12":"purchasable","13":"product-type-simple"},"_links":{"self":[{"href":"https:\/\/greenway.ee\/et\/wp-json\/wp\/v2\/product\/8287","targetHints":{"allow":["GET"]}}],"collection":[{"href":"https:\/\/greenway.ee\/et\/wp-json\/wp\/v2\/product"}],"about":[{"href":"https:\/\/greenway.ee\/et\/wp-json\/wp\/v2\/types\/product"}],"wp:featuredmedia":[{"embeddable":true,"href":"https:\/\/greenway.ee\/et\/wp-json\/wp\/v2\/media\/8279"}],"wp:attachment":[{"href":"https:\/\/greenway.ee\/et\/wp-json\/wp\/v2\/media?parent=8287"}],"wp:term":[{"taxonomy":"product_brand","embeddable":true,"href":"https:\/\/greenway.ee\/et\/wp-json\/wp\/v2\/product_brand?post=8287"},{"taxonomy":"product_cat","embeddable":true,"href":"https:\/\/greenway.ee\/et\/wp-json\/wp\/v2\/product_cat?post=8287"},{"taxonomy":"product_tag","embeddable":true,"href":"https:\/\/greenway.ee\/et\/wp-json\/wp\/v2\/product_tag?post=8287"}],"curies":[{"name":"wp","href":"https:\/\/api.w.org\/{rel}","templated":true}]}}