{"id":8297,"date":"2023-09-26T12:20:09","date_gmt":"2023-09-26T12:20:58","guid":{"rendered":"https:\/\/greenway.ee\/product\/green-fiber-twist-squeeze-mop\/"},"modified":"2023-09-26T12:20:58","modified_gmt":"2023-09-26T12:20:58","slug":"roheline-kiud-poord-press-mop","status":"publish","type":"product","link":"https:\/\/greenway.ee\/et\/toode\/roheline-kiud-poord-press-mop\/","title":{"rendered":"Green Fiber TWIST Squeeze Mop"},"content":{"rendered":"<p>TWIST Mop on teie uus abimees kiireks ja lihtsaks puhastamiseks. Puhtad, kuivad k\u00e4ed ja puhas, s\u00e4rav p\u00f5rand. Stiilse moodsa disaini kombinatsioon lihtsa ja mugava pigistamismehhanismiga v\u00f5imaldab teil pesta mustust, kleepuvaid plekke, koguda prahti, tolmu ja karvu minimaalse vaevaga!<\/p>\n<p>TWIST on kaasaegne mopp, millel on sisseehitatud v\u00e4\u00e4namismehhanism &#8211; mugav ja t\u00f5hus puhastusvahend. TWISTiga j\u00e4\u00e4vad teie k\u00e4ed alati kuivaks ja puhtaks. Platvormi terad volditakse \u00fche liigutusega ning pihusti keeratakse ja pigistatakse optimaalse niiskusastme saavutamiseks. Pihustit ei ole enam vaja k\u00e4sitsi pigistada.<\/p>\n<p>Pihusti materjal koosneb erineva k\u00f5vadusega mikrokiududest, mis v\u00f5imaldab tulla toime ka k\u00f5ige raskema mustusega. TWIST mopp aitab teil j\u00f5uda k\u00f5ige raskemini ligip\u00e4\u00e4setavatesse kohtadesse mis tahes p\u00f5randapinnal. Usaldusv\u00e4\u00e4rne kinnitusmehhanism fikseerib pihusti kindlalt platvormi k\u00fclge, nii et pihusti ei kuku kogu puhastusprotsessi ajal maha. Kaasas olev silikoonhari aitab puhastada otsikut prahist.<\/p>\n<p>Mopi s\u00e4rav stiilne disain ja kompaktsed m\u00f5\u00f5tmed v\u00f5imaldavad seda hoiustada igas kodunurgas, ilma et see v\u00f5taks palju ruumi.<\/p>\n<p><strong>JUHISED PIHUSTI PAIGALDAMISEKS PLATVORMILE<\/strong><\/p>\n<ul>\n<li>K\u00f5igepealt kinnitage otsiku keskosa konksu k\u00fclge, mis asub platvormi keskel, ja kinnitage see aasaga.<\/li>\n<li>Seej\u00e4rel, painutades vaheldumisi platvormi terasid keskele, kinnitage otsik platvormi servadesse samamoodi nagu keskosa.<\/li>\n<li>Kontrollige, kas p\u00f6\u00f6rlemismehhanism t\u00f6\u00f6tab: kui pihusti on keeratud, siis olete selle \u00f5igesti paigaldanud.<\/li>\n<li>D\u00fc\u00fcsi eemaldamiseks platvormilt painutage labasid, kinnitage konksud vastupidises j\u00e4rjekorras lahti, k\u00f5igepealt m\u00f6\u00f6da servi ja seej\u00e4rel d\u00fc\u00fcsi keskelt.<\/li>\n<\/ul>\n<p><strong>T\u00e4helepanu!<\/strong><\/p>\n<p>\u00c4rge keerake pihusti paigaldamise ajal hingesid, sest muidu ei pruugi p\u00f6\u00f6rlemismehhanism \u00f5igesti t\u00f6\u00f6tada.<\/p>\n<p>Paigaldage ja eemaldage otsik ainult platvormi algasendis, vastasel juhul ei t\u00f6\u00f6ta spinnimehhanism.<\/p>\n<p><strong>JUHISED PIHUSTI PIGISTAMISEKS<\/strong><\/p>\n<ul>\n<li>Seadke mopi k\u00e4epide risti platvormi suhtes algasendisse.<\/li>\n<li>Hoidke \u00fche k\u00e4ega mopi k\u00e4epideme keskmist osa plastmassist, teise k\u00e4ega &#8211; t\u00f5mmake mopi k\u00e4epideme alumist osa endast eemale.<\/li>\n<li>P\u00e4rast vajutamist asetage mopi k\u00e4epideme p\u00f5hi tagasi algasendisse.<\/li>\n<li>Pange t\u00e4hele, et p\u00f6\u00f6rlemismehhanism ei t\u00f6\u00f6ta, kui pihusti ei ole paigaldatud v\u00f5i on platvormile valesti paigaldatud.<\/li>\n<li>Vajaduse korral vajutage pihustit mitu korda, et saavutada optimaalne niiskusaste.<\/li>\n<\/ul>\n<p>Toote kasutusiga on n\u00f5uetekohase kasutamise korral 2 aastat.<\/p>\n<p>Green Fiber TWIST mopi pikemaajalise ja t\u00f5husaima kasutamise tagamiseks j\u00e4rgige j\u00e4rgmisi soovitusi:<\/p>\n<ul>\n<li>Enne esimest kasutamist tuleb uut otsikut veega loputada.<\/li>\n<li>\u00c4rge kasutage puhastamisel agressiivseid pesuvahendeid ega veepehmendajaid, need halvendavad otsiku omadusi.<\/li>\n<li>P\u00e4rast puhastamist \u00e4rge j\u00e4tke otsikut mopi peale. Eemaldage, peske BioTrim pesuseebiga ja kuivatage otsik toatemperatuuril. Aku otsikut ei ole soovitatav kuivatada.<\/li>\n<li>\u00c4rge v\u00f5tke moppi asjatult lahti.<\/li>\n<\/ul>\n<p>Mopi pakendil on juhised ja kokkupaneku skeem.<\/p>\n","protected":false},"excerpt":{"rendered":"<p>TWIST Mop on teie uus abimees kiireks ja lihtsaks puhastamiseks. Puhtad, kuivad k\u00e4ed ja puhas, s\u00e4rav p\u00f5rand. Stiilse moodsa disaini kombinatsioon lihtsa ja mugava pigistamismehhanismiga v\u00f5imaldab teil pesta mustust, kleepuvaid plekke, koguda prahti, tolmu ja karvu minimaalse vaevaga! TWIST on kaasaegne mopp, millel on sisseehitatud v\u00e4\u00e4namismehhanism &#8211; mugav ja t\u00f5hus puhastusvahend. TWISTiga j\u00e4\u00e4vad teie k\u00e4ed &hellip; <a href=\"https:\/\/greenway.ee\/et\/toode\/roheline-kiud-poord-press-mop\/\" class=\"more-link\">Continue reading <span class=\"screen-reader-text\">Green Fiber TWIST Squeeze Mop<\/span><\/a><\/p>\n","protected":false},"featured_media":8292,"template":"","meta":[],"product_brand":[],"product_cat":[181,187],"product_tag":[],"class_list":{"0":"post-8297","1":"product","2":"type-product","3":"status-publish","4":"has-post-thumbnail","6":"product_cat-majapidamine","7":"product_cat-mopid","9":"first","10":"instock","11":"taxable","12":"shipping-taxable","13":"purchasable","14":"product-type-simple"},"_links":{"self":[{"href":"https:\/\/greenway.ee\/et\/wp-json\/wp\/v2\/product\/8297","targetHints":{"allow":["GET"]}}],"collection":[{"href":"https:\/\/greenway.ee\/et\/wp-json\/wp\/v2\/product"}],"about":[{"href":"https:\/\/greenway.ee\/et\/wp-json\/wp\/v2\/types\/product"}],"wp:featuredmedia":[{"embeddable":true,"href":"https:\/\/greenway.ee\/et\/wp-json\/wp\/v2\/media\/8292"}],"wp:attachment":[{"href":"https:\/\/greenway.ee\/et\/wp-json\/wp\/v2\/media?parent=8297"}],"wp:term":[{"taxonomy":"product_brand","embeddable":true,"href":"https:\/\/greenway.ee\/et\/wp-json\/wp\/v2\/product_brand?post=8297"},{"taxonomy":"product_cat","embeddable":true,"href":"https:\/\/greenway.ee\/et\/wp-json\/wp\/v2\/product_cat?post=8297"},{"taxonomy":"product_tag","embeddable":true,"href":"https:\/\/greenway.ee\/et\/wp-json\/wp\/v2\/product_tag?post=8297"}],"curies":[{"name":"wp","href":"https:\/\/api.w.org\/{rel}","templated":true}]}}