{"id":8318,"date":"2023-09-28T08:49:20","date_gmt":"2023-09-28T08:57:11","guid":{"rendered":"https:\/\/greenway.ee\/product\/green-fiber-aero-pihustusmop\/"},"modified":"2023-09-28T08:57:11","modified_gmt":"2023-09-28T08:57:11","slug":"rohelise-kiu-aero-sprei-mop","status":"publish","type":"product","link":"https:\/\/greenway.ee\/et\/toode\/rohelise-kiu-aero-sprei-mop\/","title":{"rendered":"Green Fiber AERO pihustusmop"},"content":{"rendered":"<p>Nutikas AERO mopp koos pihustuss\u00fcsteemiga muudab koristamise kvaliteetseks ja nauditavaks protsessiks. AERO mopp on uus, kiire ja lihtne viis puhastamiseks ilma \u00e4mbrite ja r\u00e4tikuta.<\/p>\n<p>AERO mopp on uus lihtne viis igap\u00e4evaseks m\u00e4rgpuhastuseks.<\/p>\n<p>ARENENUD TEHNOLOOGIA<\/p>\n<p>K\u00e4epide on varustatud sisseehitatud veepaagiga, mis muudab mopi kasutamise mugavamaks, kuna vee raskus jaotub \u00fchtlaselt m\u00f6\u00f6da k\u00e4epideme pikkust.<\/p>\n<p>LIHTNE KASUTAMINE<\/p>\n<p>T\u00e4nu kompaktsele veepaagile on lihtne pinda niisutada ja mustus eemaldada spetsiaalse mikrokiudlisa abil.<\/p>\n<p>MUGAV DISAIN<\/p>\n<p>Mopi disain ja platvormi m\u00f5\u00f5tmed v\u00f5imaldavad h\u00f5lpsasti p\u00fchkida p\u00f5randat diivani, kapide, radiaatorite ja nurgaliidete all.<\/p>\n<p>\u00d5RNADE PINDADE JAOKS<\/p>\n<p>AERO mopp sobib ideaalselt tundlike pindade puhastamiseks. Parkett, laminaat, plaat, marmor ja muud t\u00fc\u00fcpi p\u00f5randapinnad on l\u00e4ikivad ilma suurema vaevata.<\/p>\n<p><strong>Proovige moppi \u00fcks kord ja sellest saab teie asendamatu abimees kodu igap\u00e4evaseks lihtsaks puhastamiseks!<\/strong><\/p>\n<ol>\n<li>1.Kinnitage kinnitus kindlalt platvormi k\u00fclge.<\/li>\n<li>2\u044ePaigutage mopp 45\u00b0 nurga all puhastatava pinna suhtes.<\/li>\n<li>Vajutage pihustusvart k\u00e4epidemel mitu korda, et p\u00f5randat piisavalt niisutada.<\/li>\n<li>Imege vesi ja mustus kinnitusdetaili abil.<\/li>\n<\/ol>\n<p>&nbsp;<\/p>\n","protected":false},"excerpt":{"rendered":"<p>Nutikas AERO mopp koos pihustuss\u00fcsteemiga muudab koristamise kvaliteetseks ja nauditavaks protsessiks. AERO mopp on uus, kiire ja lihtne viis puhastamiseks ilma \u00e4mbrite ja r\u00e4tikuta. AERO mopp on uus lihtne viis igap\u00e4evaseks m\u00e4rgpuhastuseks. ARENENUD TEHNOLOOGIA K\u00e4epide on varustatud sisseehitatud veepaagiga, mis muudab mopi kasutamise mugavamaks, kuna vee raskus jaotub \u00fchtlaselt m\u00f6\u00f6da k\u00e4epideme pikkust. LIHTNE KASUTAMINE T\u00e4nu &hellip; <a href=\"https:\/\/greenway.ee\/et\/toode\/rohelise-kiu-aero-sprei-mop\/\" class=\"more-link\">Continue reading <span class=\"screen-reader-text\">Green Fiber AERO pihustusmop<\/span><\/a><\/p>\n","protected":false},"featured_media":8316,"template":"","meta":[],"product_brand":[],"product_cat":[181,187],"product_tag":[],"class_list":{"0":"post-8318","1":"product","2":"type-product","3":"status-publish","4":"has-post-thumbnail","6":"product_cat-majapidamine","7":"product_cat-mopid","9":"first","10":"instock","11":"taxable","12":"shipping-taxable","13":"purchasable","14":"product-type-simple"},"_links":{"self":[{"href":"https:\/\/greenway.ee\/et\/wp-json\/wp\/v2\/product\/8318","targetHints":{"allow":["GET"]}}],"collection":[{"href":"https:\/\/greenway.ee\/et\/wp-json\/wp\/v2\/product"}],"about":[{"href":"https:\/\/greenway.ee\/et\/wp-json\/wp\/v2\/types\/product"}],"wp:featuredmedia":[{"embeddable":true,"href":"https:\/\/greenway.ee\/et\/wp-json\/wp\/v2\/media\/8316"}],"wp:attachment":[{"href":"https:\/\/greenway.ee\/et\/wp-json\/wp\/v2\/media?parent=8318"}],"wp:term":[{"taxonomy":"product_brand","embeddable":true,"href":"https:\/\/greenway.ee\/et\/wp-json\/wp\/v2\/product_brand?post=8318"},{"taxonomy":"product_cat","embeddable":true,"href":"https:\/\/greenway.ee\/et\/wp-json\/wp\/v2\/product_cat?post=8318"},{"taxonomy":"product_tag","embeddable":true,"href":"https:\/\/greenway.ee\/et\/wp-json\/wp\/v2\/product_tag?post=8318"}],"curies":[{"name":"wp","href":"https:\/\/api.w.org\/{rel}","templated":true}]}}