{"id":8551,"date":"2026-04-05T18:45:43","date_gmt":"2026-04-05T18:45:43","guid":{"rendered":"https:\/\/greenway.ee\/?post_type=product&#038;p=8551"},"modified":"2026-04-05T18:45:43","modified_gmt":"2026-04-05T18:45:43","slug":"green-fiber-care-1-kosmeetiline-fiiber","status":"publish","type":"product","link":"https:\/\/greenway.ee\/et\/toode\/green-fiber-care-1-kosmeetiline-fiiber\/","title":{"rendered":"Green Fiber CARE 1 Kosmeetiline fiiber"},"content":{"rendered":"<p>Kiire ja mugava n\u00e4opesu unistus on n\u00fc\u00fcd teoks saanud. Kosmeetiline kiud toob teie nahale puhtuse, v\u00e4rskuse ja s\u00e4ra. Kiud eemaldab \u00f5rnalt meigi, rasu ja surnud naharakud, \u00fchtlustades jume. Ei vaja t\u00e4iendavaid puhastusvahendeid, seega sobib igale nahat\u00fc\u00fcbile, isegi tundlikule, s\u00e4\u00e4stes teie raha ja kaitstes loodust.<\/p>\n<p>CARE sarja fiibrid on m\u00f5eldud n\u00e4o- ja kehanaha hoolduseks. Need on katsudes meeldivad ja sobivad igale nahat\u00fc\u00fcbile, sealhulgas tundlikule nahale. Fiibrid puhastavad nahka suurep\u00e4raselt ilma t\u00e4iendavate kosmeetiliste vahenditeta ning omavad massaa\u017ei ja koorivat toimet.<\/p>\n<p>Green Fiber CARE seeria fiibrid<\/p>\n<ul>\n<li>Keskkonnas\u00f5bralikud ja ohutud, ei vaja t\u00e4iendavaid puhastusvahendeid.<\/li>\n<li>Innovatiivsed: k\u00f5ikide kiudude aluseks on unikaalne UpPoly kiud, mis on v\u00e4lja t\u00f6\u00f6tatud Jaapani tehnoloogia j\u00e4rgi.<\/li>\n<li>\u00d6konoomsed: s\u00e4\u00e4stavad raha, aega ja teie pingutusi.<\/li>\n<li>Funktsionaalsed: suur valik vahendeid erinevateks eesm\u00e4rkideks. Populaarsed tooted on saadaval mitmes v\u00e4rvitoonis.<\/li>\n<li>Fiibrite kasutusaeg on kuni 2 aastat, majapidamises intensiivse kasutamise korral.<\/li>\n<\/ul>\n","protected":false},"excerpt":{"rendered":"<p>Kiire ja mugava n\u00e4opesu unistus on n\u00fc\u00fcd teoks saanud. Kosmeetiline kiud toob teie nahale puhtuse, v\u00e4rskuse ja s\u00e4ra. Kiud eemaldab \u00f5rnalt meigi, rasu ja surnud naharakud, \u00fchtlustades jume. Ei vaja t\u00e4iendavaid puhastusvahendeid, seega sobib igale nahat\u00fc\u00fcbile, isegi tundlikule, s\u00e4\u00e4stes teie raha ja kaitstes loodust. CARE sarja fiibrid on m\u00f5eldud n\u00e4o- ja kehanaha hoolduseks. Need on &hellip; <a href=\"https:\/\/greenway.ee\/et\/toode\/green-fiber-care-1-kosmeetiline-fiiber\/\" class=\"more-link\">Continue reading <span class=\"screen-reader-text\">Green Fiber CARE 1 Kosmeetiline fiiber<\/span><\/a><\/p>\n","protected":false},"featured_media":0,"template":"","meta":[],"product_brand":[],"product_cat":[],"product_tag":[],"class_list":{"0":"post-8551","1":"product","2":"type-product","3":"status-publish","6":"first","7":"instock","8":"taxable","9":"shipping-taxable","10":"purchasable","11":"product-type-simple"},"_links":{"self":[{"href":"https:\/\/greenway.ee\/et\/wp-json\/wp\/v2\/product\/8551","targetHints":{"allow":["GET"]}}],"collection":[{"href":"https:\/\/greenway.ee\/et\/wp-json\/wp\/v2\/product"}],"about":[{"href":"https:\/\/greenway.ee\/et\/wp-json\/wp\/v2\/types\/product"}],"wp:attachment":[{"href":"https:\/\/greenway.ee\/et\/wp-json\/wp\/v2\/media?parent=8551"}],"wp:term":[{"taxonomy":"product_brand","embeddable":true,"href":"https:\/\/greenway.ee\/et\/wp-json\/wp\/v2\/product_brand?post=8551"},{"taxonomy":"product_cat","embeddable":true,"href":"https:\/\/greenway.ee\/et\/wp-json\/wp\/v2\/product_cat?post=8551"},{"taxonomy":"product_tag","embeddable":true,"href":"https:\/\/greenway.ee\/et\/wp-json\/wp\/v2\/product_tag?post=8551"}],"curies":[{"name":"wp","href":"https:\/\/api.w.org\/{rel}","templated":true}]}}